{"id":2410,"date":"2021-07-20T14:59:39","date_gmt":"2021-07-20T12:59:39","guid":{"rendered":"https:\/\/digital-verkauf.de\/?page_id=2410"},"modified":"2023-08-22T13:11:28","modified_gmt":"2023-08-22T11:11:28","slug":"interaktive-schaufenster","status":"publish","type":"page","link":"https:\/\/digital-verkauf.de\/?page_id=2410","title":{"rendered":"Interaktive Schaufenster"},"content":{"rendered":"<div data-colibri-id=\"2410-c1\" class=\"style-2549 style-local-2410-c1 position-relative\">\n  <!---->\n  <div data-colibri-component=\"section\" data-colibri-id=\"2410-c2\" id=\"about\" class=\"h-section h-section-global-spacing d-flex align-items-lg-center align-items-md-center align-items-center style-2580 style-local-2410-c2 position-relative\">\n    <!---->\n    <!---->\n    <div class=\"h-section-grid-container h-section-boxed-container\">\n      <!---->\n      <div data-colibri-id=\"2410-c3\" class=\"h-row-container gutters-row-lg-0 gutters-row-md-0 gutters-row-0 gutters-row-v-lg-0 gutters-row-v-md-0 gutters-row-v-0 style-2581 style-local-2410-c3 position-relative\">\n        <!---->\n        <div class=\"h-row justify-content-lg-center justify-content-md-center justify-content-center align-items-lg-stretch align-items-md-stretch align-items-stretch gutters-col-lg-0 gutters-col-md-0 gutters-col-0 gutters-col-v-lg-0 gutters-col-v-md-0 gutters-col-v-0\">\n          <!---->\n          <div class=\"h-column h-column-container d-flex h-col-lg-auto h-col-md-auto h-col-auto style-2582-outer style-local-2410-c4-outer\">\n            <div data-colibri-id=\"2410-c4\" class=\"d-flex h-flex-basis h-column__inner h-ui-empty-state-container h-px-lg-0 h-px-md-0 h-px-0 v-inner-lg-0 v-inner-md-0 v-inner-0 style-2582 style-local-2410-c4 position-relative\">\n              <!---->\n              <!---->\n              <div class=\"w-100 h-y-container h-column__content h-column__v-align flex-basis-100\">\n                <!---->\n              <\/div>\n            <\/div>\n          <\/div>\n          <div class=\"h-column h-column-container d-flex h-col-lg-auto h-col-md-auto h-col-auto style-2583-outer style-local-2410-c5-outer\">\n            <div data-colibri-id=\"2410-c5\" class=\"d-flex h-flex-basis h-column__inner h-px-lg-2 h-px-md-2 h-px-2 v-inner-lg-2 v-inner-md-2 v-inner-2 style-2583 style-local-2410-c5 position-relative\">\n              <!---->\n              <!---->\n              <div class=\"w-100 h-y-container h-column__content h-column__v-align flex-basis-100 align-self-lg-start align-self-md-start align-self-start\">\n                <!---->\n                <div data-colibri-id=\"2410-c6\" class=\"h-global-transition-all h-heading style-4200 style-local-2410-c6 position-relative h-element\">\n                  <!---->\n                  <div class=\"h-heading__outer style-4200 style-local-2410-c6\">\n                    <!---->\n                    <!---->\n                    <h4 class=\"\">Mit Digital Verkauf zum Schaufenster 2.0<\/h4>\n                  <\/div>\n                <\/div>\n                <div data-colibri-id=\"2410-c7\" class=\"h-text h-text-component style-2586 style-local-2410-c7 position-relative h-element\">\n                  <!---->\n                  <!---->\n                  <div class=\"\">\n                    <p><span style=\"color: rgb(102, 102, 102);\">Kommunizieren Sie \u00fcber Ihr Schaufenster mit Ihren Kunden.&nbsp;<\/span><\/p>\n                    <p>Stellen Sie sich vor, Sie verkaufen Ihre Ware auch dann, wenn Ihr Gesch\u00e4ft geschlossen ist. Abends, an Sonn- und Feiertagen oder auch in einem Lockdown.&nbsp;<\/p>\n                    <p>\n                      <br>\n                    <\/p>\n                  <\/div>\n                <\/div>\n              <\/div>\n            <\/div>\n          <\/div>\n        <\/div>\n      <\/div>\n      <div data-colibri-id=\"2410-c8\" class=\"h-row-container gutters-row-lg-0 gutters-row-md-0 gutters-row-0 gutters-row-v-lg-0 gutters-row-v-md-0 gutters-row-v-0 style-2619 style-local-2410-c8 position-relative\">\n        <!---->\n        <div class=\"h-row justify-content-lg-center justify-content-md-center justify-content-center align-items-lg-stretch align-items-md-stretch align-items-stretch gutters-col-lg-0 gutters-col-md-0 gutters-col-0 gutters-col-v-lg-0 gutters-col-v-md-0 gutters-col-v-0\">\n          <!---->\n          <div class=\"h-column h-column-container d-flex h-col-lg-auto h-col-md-auto h-col-auto style-2620-outer style-local-2410-c9-outer\">\n            <div data-colibri-id=\"2410-c9\" class=\"d-flex h-flex-basis h-column__inner h-ui-empty-state-container h-px-lg-0 h-px-md-0 h-px-0 v-inner-lg-0 v-inner-md-0 v-inner-0 style-2620 style-local-2410-c9 position-relative\">\n              <!---->\n              <!---->\n              <div class=\"w-100 h-y-container h-column__content h-column__v-align flex-basis-100\">\n                <!---->\n              <\/div>\n            <\/div>\n          <\/div>\n          <div class=\"h-column h-column-container d-flex h-col-lg-auto h-col-md-auto h-col-auto style-2621-outer style-local-2410-c10-outer\">\n            <div data-colibri-id=\"2410-c10\" class=\"d-flex h-flex-basis h-column__inner h-px-lg-0 h-px-md-0 h-px-0 v-inner-lg-0 v-inner-md-0 v-inner-0 style-2621 style-local-2410-c10 position-relative\">\n              <!---->\n              <!---->\n              <div class=\"w-100 h-y-container h-column__content h-column__v-align flex-basis-100 align-self-lg-start align-self-md-start align-self-start\">\n                <!---->\n                <div data-colibri-component=\"slider\" data-colibri-id=\"2410-c11\" class=\"h-slider d-flex style-2623 style-local-2410-c11 position-relative\">\n                  <!---->\n                  <div class=\"swiper-container h-row-container gutters-row-lg-0 gutters-row-md-0 gutters-row-0 gutters-row-v-lg-0 gutters-row-v-md-0 gutters-row-v-0 h-overflow-hidden\">\n                    <div class=\"swiper-wrapper h-row justify-content-lg-start justify-content-md-start justify-content-start align-items-lg-stretch align-items-md-stretch align-items-stretch gutters-col-lg-0 gutters-col-md-0 gutters-col-0 gutters-col-v-lg-0 gutters-col-v-md-0 gutters-col-v-0\">\n                      <div data-colibri-component=\"link\" data-href=\"\" class=\"h-slider-item swiper-slide h-column h-column-container d-flex h-col-auto style-2624-outer style-local-2410-c12-outer\">\n                        <div data-colibri-id=\"2410-c12\" class=\"w-100 h-swiper-item__inner d-flex h-flex-basis h-HopSliderItem__inner h-px-lg-0 h-px-md-0 h-px-0 v-inner-lg-0 v-inner-md-0 v-inner-0 style-2623-images style-local-2410-c11-images style-2624 style-local-2410-c12 position-relative\">\n                          <!---->\n                          <div class=\"w-100 h-100 d-flex justify-content-lg-center justify-content-md-center justify-content-center align-items-lg-center align-items-md-center align-items-center\">\n                            <div class=\"w-100 h-y-container h-column__content h-column__v-align flex-basis-100 align-self-lg-center align-self-md-center align-self-center h-slider-item-content-wrapper\">\n                              <!---->\n                              <div data-colibri-id=\"2410-c13\" class=\"h-global-transition-all h-heading style-2625 style-local-2410-c13 position-relative h-element\">\n                                <!---->\n                                <div class=\"h-heading__outer style-2625 style-local-2410-c13\">\n                                  <!---->\n                                  <!---->\n                                  <h4 class=\"\">Digitale Produktpr\u00e4sentation<\/h4>\n                                <\/div>\n                              <\/div>\n                              <div data-colibri-id=\"2410-c14\" class=\"h-text h-text-component style-2626 style-local-2410-c14 position-relative h-element\">\n                                <!---->\n                                <!---->\n                                <div class=\"\">\n                                  <p>Vielleicht sind Sie (noch) nicht bereit, den Schritt in die Welt des E-Commerce zu wagen, haben aber den Wunsch, Ihre Produkte digital zu zeigen. Dabei kann Ihr Schaufenster leicht zu Ihrer B\u00fchne werden.<\/p>\n                                  <p>Mit unserer innovativen L\u00f6sung, dem Response Button\u00a9, k\u00f6nnen Ihre Kunden die Ausstellungsst\u00fccke in Ihrem Schaufenster scannen und umgehend digitale Zusatzinformationen zum Produkt erhalten. Weiterhin erm\u00f6glicht es Ihren\n                                    Kunden, die Pr\u00e4sentation herunterzuladen &#8211; als visuelle Erinnerung oder um bei Bedarf ein Produkt sofort zu reservieren.<\/p>\n                                  <p>Die Vorteile sind un\u00fcbersehbar:<\/p>\n                                  <p>Neben den ausf\u00fchrlichen Produktinformationen, die auf diese Weise in Ihrem Schaufenster angezeigt werden k\u00f6nnen, sorgt der Download daf\u00fcr, dass Sie stets im Ged\u00e4chtnis Ihrer potenziellen Kunden verankert bleiben.<\/p>\n                                  <p>Sobald ein Interessent Ihre digitale Pr\u00e4sentation besucht, bietet es sich an, weitere Produkte, die nicht physisch im Schaufenster pr\u00e4sentiert werden k\u00f6nnen, vorzustellen oder andere Kundenbindungsstrategien zu verfolgen.<\/p>\n                                  <p>Nutzen Sie die M\u00f6glichkeit, per Video Begr\u00fc\u00dfungsnachrichten an die Kunden zu senden, die nicht w\u00e4hrend Ihrer Gesch\u00e4ftszeiten Ihr Gesch\u00e4ft besuchen k\u00f6nnen.<\/p>\n                                  <p>Kurz: Verwandeln Sie Ihr Schaufenster in eine interaktive Plattform und bieten Sie Ihren Kunden ein v\u00f6llig neuartiges Einkaufserlebnis.<\/p>\n                                <\/div>\n                              <\/div>\n                            <\/div>\n                          <\/div>\n                        <\/div>\n                      <\/div>\n                      <div data-colibri-component=\"link\" data-href=\"\" class=\"h-slider-item swiper-slide h-column h-column-container d-flex h-col-auto style-2629-outer style-local-2410-c15-outer\">\n                        <div data-colibri-id=\"2410-c15\" class=\"w-100 h-swiper-item__inner d-flex h-flex-basis h-HopSliderItem__inner h-px-lg-0 h-px-md-0 h-px-0 v-inner-lg-0 v-inner-md-0 v-inner-0 style-2623-images style-local-2410-c11-images style-2629 style-local-2410-c15 position-relative\">\n                          <!---->\n                          <div class=\"w-100 h-100 d-flex justify-content-lg-center justify-content-md-center justify-content-center align-items-lg-center align-items-md-center align-items-center\">\n                            <div class=\"w-100 h-y-container h-column__content h-column__v-align flex-basis-100 align-self-lg-center align-self-md-center align-self-center h-slider-item-content-wrapper\">\n                              <!---->\n                              <div data-colibri-id=\"2410-c16\" class=\"h-global-transition-all h-heading style-2630 style-local-2410-c16 position-relative h-element\">\n                                <!---->\n                                <div class=\"h-heading__outer style-2630 style-local-2410-c16\">\n                                  <!---->\n                                  <!---->\n                                  <h4 class=\"\">Gewinnspiele &amp; Rabattaktionen<\/h4>\n                                <\/div>\n                              <\/div>\n                              <div data-colibri-id=\"2410-c17\" class=\"h-text h-text-component style-2655 style-local-2410-c17 position-relative h-element\">\n                                <!---->\n                                <!---->\n                                <div class=\"\">\n                                  <p>Stellen Sie sich vor, potenzielle Kunden flanieren an einem Sonntag an Ihrem Gesch\u00e4ft vorbei und bewundern die Ausstellungsst\u00fccke in Ihrem Schaufenster, w\u00e4hrend Sie Ihr wohlverdientes Wochenende genie\u00dfen.<\/p>\n                                  <p>Signalisieren Sie Ihren Kunden, dass Sie ihr Interesse sch\u00e4tzen. Wie w\u00e4re es mit einer pers\u00f6nlichen Videobotschaft zum Sonntag? Damit wird m\u00f6glicherweise kein direkter Umsatz erzielt, aber Sie hinterlassen einen positiven\n                                    Eindruck.<\/p>\n                                  <p>Oder honorieren Sie das Interesse Ihrer Kunden mit einem Rabattcode, der in der n\u00e4chsten Woche g\u00fcltig ist. Auf diese Weise gewinnen Sie Kunden f\u00fcr die kommende Arbeitswoche und bieten Ihren K\u00e4ufern einen echten Mehrwert.<\/p>\n                                  <p>Auch Gewinnspiele erfreuen sich immer wieder gro\u00dfer Beliebtheit. Interessenten k\u00f6nnen \u00fcber unseren Response Button\u00a9 teilnehmen. Sie erhalten dadurch automatisch die E-Mail-Adresse und k\u00f6nnen so mit Ihren potenziellen\n                                    Kunden in Verbindung treten oder bleiben. Solche Aktionen m\u00fcssen nicht auf das Schaufenster beschr\u00e4nkt sein. Caf\u00e9s beispielsweise haben die perfekte Gelegenheit, ihre G\u00e4ste mit einem kleinen Flyer zur Teilnahme zu ermutigen.<\/p>\n                                  <p>Die einzige Grenze solcher Aktionen ist die eigene Vorstellungskraft. Vor allem aber sollte das Ziel sein, den Kontakt zu Ihren Kunden aufrechtzuerhalten und sie nicht nach einem einmaligen Kauf zu verlieren.<\/p>\n                                <\/div>\n                              <\/div>\n                            <\/div>\n                          <\/div>\n                        <\/div>\n                      <\/div>\n                      <div data-colibri-component=\"link\" data-href=\"\" class=\"h-slider-item swiper-slide h-column h-column-container d-flex h-col-auto style-2634-outer style-local-2410-c18-outer\">\n                        <div data-colibri-id=\"2410-c18\" class=\"w-100 h-swiper-item__inner d-flex h-flex-basis h-HopSliderItem__inner h-px-lg-0 h-px-md-0 h-px-0 v-inner-lg-0 v-inner-md-0 v-inner-0 style-2623-images style-local-2410-c11-images style-2634 style-local-2410-c18 position-relative\">\n                          <!---->\n                          <div class=\"w-100 h-100 d-flex justify-content-lg-center justify-content-md-center justify-content-center align-items-lg-center align-items-md-center align-items-center\">\n                            <div class=\"w-100 h-y-container h-column__content h-column__v-align flex-basis-100 align-self-lg-center align-self-md-center align-self-center h-slider-item-content-wrapper\">\n                              <!---->\n                              <div data-colibri-id=\"2410-c19\" class=\"h-global-transition-all h-heading style-2657 style-local-2410-c19 position-relative h-element\">\n                                <!---->\n                                <div class=\"h-heading__outer style-2657 style-local-2410-c19\">\n                                  <!---->\n                                  <!---->\n                                  <h4 class=\"\">Verkauf via Onlineshop<\/h4>\n                                <\/div>\n                              <\/div>\n                              <div data-colibri-id=\"2410-c20\" class=\"h-text h-text-component style-2658 style-local-2410-c20 position-relative h-element\">\n                                <!---->\n                                <!---->\n                                <div class=\"\">\n                                  <p>Besitzen Sie bereits einen Online-Shop zus\u00e4tzlich zu Ihrem Ladengesch\u00e4ft? Dann kann Ihr Schaufenster als Katalysator f\u00fcr Ihren Shop dienen.<\/p>\n                                  <p>Genau wie bei der Produktpr\u00e4sentation k\u00f6nnen Sie Ihre Ausstellungsst\u00fccke mit einem QR-Code verbinden. Viele verkn\u00fcpfen diesen jedoch direkt mit dem entsprechenden Produkt im Shop &#8211; ein g\u00e4ngiger Fehler. Obwohl dies immer\n                                    noch besser ist, als potenzielle Kunden lediglich auf die Startseite des Shops zu leiten, ist es vorteilhafter, eine spezielle Produktpr\u00e4sentation einzuschalten, um das Interesse weiter zu erh\u00f6hen. Von dort aus k\u00f6nnen\n                                    Kunden dann zur Kaufseite weitergeleitet werden.<\/p>\n                                  <p>Als Ladeninhaber sollten Sie sich jedoch die Frage stellen, ob es wirklich sinnvoll ist, Produkte auch \u00fcber einen Online-Shop zu verkaufen. Marketing- und Webdesignunternehmen werden Ihnen nat\u00fcrlich stets empfehlen, dass\n                                    der Online-Verkauf ein absolutes Muss f\u00fcr alle Verk\u00e4ufer ist &#8211; schlie\u00dflich ist der Verkauf einer Online-Shop-Programmierung ihre Paradedisziplin und kann leicht hohe Kosten verursachen.<\/p>\n                                  <p>In Wirklichkeit ist diese duale Verkaufsstrategie jedoch nur in wenigen F\u00e4llen rentabel und sollte sorgf\u00e4ltig \u00fcberdacht werden.<\/p>\n                                  <p>Mit anderen Worten: Eine digitale Pr\u00e4senz ist heutzutage ein Muss, der direkte Verkauf \u00fcber einen Online-Shop jedoch eher die Ausnahme.<\/p>\n                                  <p>\n                                    <br>\n                                  <\/p>\n                                <\/div>\n                              <\/div>\n                            <\/div>\n                          <\/div>\n                        <\/div>\n                      <\/div>\n                    <\/div>\n                    <div class=\"resize-triggers\">\n                      <div class=\"expand-trigger\">\n                        <div style=\"width: 1px; height: 1px;\"><\/div>\n                      <\/div>\n                      <div class=\"contract-trigger\"><\/div>\n                    <\/div>\n                  <\/div>\n                  <div class=\"h-swiper-dots__outer justify-content-lg-center justify-content-md-center justify-content-center align-items-lg-end align-items-md-end align-items-end style-2651-positionWrapper style-local-2410-c21-positionWrapper h-element\">\n                    <div data-colibri-id=\"2410-c21\" class=\"h-swiper-dots__wrapper style-2651 style-local-2410-c21 position-relative\">\n                      <!---->\n                      <div id=\"swiper-pagination__2410-c11\" class=\"h-swiper-dots swiper-pagination d-flex swiper-pagination-clickable swiper-pagination-bullets\"><\/div>\n                      <div><\/div>\n                    <\/div>\n                  <\/div>\n                  <div data-colibri-id=\"2410-c22\" class=\"h-swiper-arrow__outer justify-content-lg-start justify-content-md-start justify-content-start align-items-lg-center align-items-md-center align-items-center style-2652 style-local-2410-c22 position-relative h-element\">\n                    <!---->\n                    <div id=\"swiper-arrow__2410-c22\" class=\"h-swiper-arrow h-slider-navigation-arrow swiper-button-prev\">\n                      <div data-colibri-id=\"2410-c23\" class=\"h-icon style-2653 style-local-2410-c23 position-relative h-element\">\n                        <!----><span class=\"h-svg-icon h-icon__icon style-2653-icon style-local-2410-c23-icon\"><!--Icon by Font Awesome (https:\/\/fontawesome.com)-->\n    <svg version=\"1.1\" xmlns=\"http:\/\/www.w3.org\/2000\/svg\" xmlns:xlink=\"http:\/\/www.w3.org\/1999\/xlink\" id=\"chevron-left\" viewBox=\"0 0 1289.1823 1896.0833\">\n      <path d=\"M1171 301L640 832l531 531q19 19 19 45t-19 45l-166 166q-19 19-45 19t-45-19L173 877q-19-19-19-45t19-45L915 45q19-19 45-19t45 19l166 166q19 19 19 45t-19 45z\"><\/path>\n    <\/svg><\/span><\/div>\n                    <\/div>\n                  <\/div>\n                  <div data-colibri-id=\"2410-c24\" class=\"h-swiper-arrow__outer justify-content-lg-end justify-content-md-end justify-content-end align-items-lg-center align-items-md-center align-items-center style-2654 style-local-2410-c24 position-relative h-element\">\n                    <!---->\n                    <div id=\"swiper-arrow__2410-c24\" class=\"h-swiper-arrow h-slider-navigation-arrow swiper-button-next\">\n                      <div data-colibri-id=\"2410-c25\" class=\"h-icon style-2653 style-local-2410-c25 position-relative h-element\">\n                        <!----><span class=\"h-svg-icon h-icon__icon style-2653-icon style-local-2410-c25-icon\"><!--Icon by Font Awesome (https:\/\/fontawesome.com)-->\n    <svg version=\"1.1\" xmlns=\"http:\/\/www.w3.org\/2000\/svg\" xmlns:xlink=\"http:\/\/www.w3.org\/1999\/xlink\" id=\"chevron-right\" viewBox=\"0 0 1280 1896.0833\">\n      <path d=\"M1107 877l-742 742q-19 19-45 19t-45-19l-166-166q-19-19-19-45t19-45l531-531-531-531q-19-19-19-45t19-45L275 45q19-19 45-19t45 19l742 742q19 19 19 45t-19 45z\"><\/path>\n    <\/svg><\/span><\/div>\n                    <\/div>\n                  <\/div>\n                <\/div>\n                <div data-colibri-id=\"2410-c26\" class=\"h-x-container style-2659 style-local-2410-c26 position-relative h-element\">\n                  <!---->\n                  <div class=\"h-x-container-inner style-dynamic-2410-c26-group style-2659-spacing style-local-2410-c26-spacing\"><span class=\"h-button__outer style-2660-outer style-local-2410-c27-outer d-inline-flex h-element\"><a h-use-smooth-scroll=\"true\" href=\"https:\/\/digital-verkauf.de\/?page_id=2772\"  data-colibri-id=\"2410-c27\" class=\"d-flex w-100 align-items-center h-button justify-content-lg-center justify-content-md-center justify-content-center style-2660 style-local-2410-c27 position-relative\"><!----><!----> <span>Ja, ich will mit Digital Verkauf zum Schaufenster 2.0<\/span><\/a>\n                    <\/span>\n                  <\/div>\n                <\/div>\n              <\/div>\n            <\/div>\n          <\/div>\n        <\/div>\n      <\/div>\n    <\/div>\n  <\/div>\n<\/div>","protected":false},"excerpt":{"rendered":"<p>Mit Digital Verkauf zum Schaufenster 2.0 Kommunizieren Sie \u00fcber Ihr Schaufenster mit Ihren Kunden.&nbsp; Stellen Sie sich vor, Sie verkaufen Ihre Ware auch dann, wenn Ihr Gesch\u00e4ft geschlossen ist. Abends, an Sonn- und Feiertagen oder auch in einem Lockdown.&nbsp; Digitale Produktpr\u00e4sentation Vielleicht sind Sie (noch) nicht bereit, den Schritt in die Welt des E-Commerce zu [&hellip;]<\/p>\n","protected":false},"author":1,"featured_media":0,"parent":34,"menu_order":1,"comment_status":"closed","ping_status":"closed","template":"page-templates\/homepage.php","meta":{"footnotes":""},"class_list":["post-2410","page","type-page","status-publish","hentry"],"_links":{"self":[{"href":"https:\/\/digital-verkauf.de\/index.php?rest_route=\/wp\/v2\/pages\/2410","targetHints":{"allow":["GET"]}}],"collection":[{"href":"https:\/\/digital-verkauf.de\/index.php?rest_route=\/wp\/v2\/pages"}],"about":[{"href":"https:\/\/digital-verkauf.de\/index.php?rest_route=\/wp\/v2\/types\/page"}],"author":[{"embeddable":true,"href":"https:\/\/digital-verkauf.de\/index.php?rest_route=\/wp\/v2\/users\/1"}],"replies":[{"embeddable":true,"href":"https:\/\/digital-verkauf.de\/index.php?rest_route=%2Fwp%2Fv2%2Fcomments&post=2410"}],"version-history":[{"count":20,"href":"https:\/\/digital-verkauf.de\/index.php?rest_route=\/wp\/v2\/pages\/2410\/revisions"}],"predecessor-version":[{"id":8556,"href":"https:\/\/digital-verkauf.de\/index.php?rest_route=\/wp\/v2\/pages\/2410\/revisions\/8556"}],"up":[{"embeddable":true,"href":"https:\/\/digital-verkauf.de\/index.php?rest_route=\/wp\/v2\/pages\/34"}],"wp:attachment":[{"href":"https:\/\/digital-verkauf.de\/index.php?rest_route=%2Fwp%2Fv2%2Fmedia&parent=2410"}],"curies":[{"name":"wp","href":"https:\/\/api.w.org\/{rel}","templated":true}]}}