{"id":2698,"date":"2021-07-21T16:58:51","date_gmt":"2021-07-21T14:58:51","guid":{"rendered":"https:\/\/digital-verkauf.de\/?page_id=2698"},"modified":"2023-08-22T14:01:19","modified_gmt":"2023-08-22T12:01:19","slug":"e-mail-marketing","status":"publish","type":"page","link":"https:\/\/digital-verkauf.de\/?page_id=2698","title":{"rendered":"Newsletter System"},"content":{"rendered":"<div data-colibri-id=\"2698-c1\" class=\"style-2661 style-local-2698-c1 position-relative\">\n  <!---->\n  <div data-colibri-component=\"section\" data-colibri-id=\"2698-c2\" id=\"content\" class=\"h-section h-section-global-spacing d-flex align-items-lg-center align-items-md-center align-items-center style-2701 style-local-2698-c2 position-relative\">\n    <!---->\n    <!---->\n    <div class=\"h-section-grid-container h-section-boxed-container\">\n      <!---->\n      <div data-colibri-id=\"2698-c3\" class=\"h-row-container gutters-row-lg-2 gutters-row-md-2 gutters-row-2 gutters-row-v-lg-2 gutters-row-v-md-2 gutters-row-v-2 style-2702 style-local-2698-c3 position-relative\">\n        <!---->\n        <div class=\"h-row justify-content-lg-center justify-content-md-center justify-content-center align-items-lg-stretch align-items-md-stretch align-items-stretch gutters-col-lg-2 gutters-col-md-2 gutters-col-2 gutters-col-v-lg-2 gutters-col-v-md-2 gutters-col-v-2\">\n          <!---->\n          <div class=\"h-column h-column-container d-flex h-col-lg-auto h-col-md-auto h-col-auto style-2703-outer style-local-2698-c4-outer\">\n            <div data-colibri-id=\"2698-c4\" class=\"d-flex h-flex-basis h-column__inner h-px-lg-2 h-px-md-2 h-px-2 v-inner-lg-2 v-inner-md-2 v-inner-2 style-2703 style-local-2698-c4 position-relative\">\n              <!---->\n              <!---->\n              <div class=\"w-100 h-y-container h-column__content h-column__v-align flex-basis-100 align-self-lg-start align-self-md-start align-self-start\">\n                <!---->\n                <div data-colibri-id=\"2698-c5\" class=\"d-block style-2704 style-local-2698-c5 position-relative h-element\">\n                  <!---->\n                  <div class=\"h-image__frame-container-outer\">\n                    <div class=\"h-image__frame-container\">\n                      <!---->\n                      <!---->\n                      <img loading=\"lazy\" decoding=\"async\" width=\"622\" height=\"622\" src=\"https:\/\/digital-verkauf.de\/wp-content\/uploads\/2021\/07\/cropped-Newsletter.jpg\" class=\"wp-image-2709 style-2704-image style-local-2698-c5-image\" alt=\"\" srcset=\"https:\/\/digital-verkauf.de\/wp-content\/uploads\/2021\/07\/cropped-Newsletter.jpg 622w, https:\/\/digital-verkauf.de\/wp-content\/uploads\/2021\/07\/cropped-Newsletter-300x300.jpg 300w, https:\/\/digital-verkauf.de\/wp-content\/uploads\/2021\/07\/cropped-Newsletter-150x150.jpg 150w\" sizes=\"auto, (max-width: 622px) 100vw, 622px\" \/>\n                      <div class=\"h-image__frame h-image__frame_shadow h-hide-sm style-2704-frameImage style-local-2698-c5-frameImage\"><\/div>\n                    <\/div>\n                  <\/div>\n                <\/div>\n              <\/div>\n            <\/div>\n          <\/div>\n          <div class=\"h-column h-column-container d-flex h-col-lg-auto h-col-md-auto h-col-auto style-2705-outer style-local-2698-c6-outer\">\n            <div data-colibri-id=\"2698-c6\" class=\"d-flex h-flex-basis h-column__inner h-px-lg-2 h-px-md-2 h-px-2 v-inner-lg-2 v-inner-md-2 v-inner-2 style-2705 style-local-2698-c6 position-relative\">\n              <!---->\n              <!---->\n              <div class=\"w-100 h-y-container h-column__content h-column__v-align flex-basis-100 align-self-lg-center align-self-md-center align-self-center\">\n                <!---->\n                <div data-colibri-id=\"2698-c7\" class=\"h-global-transition-all h-heading style-4201 style-local-2698-c7 position-relative h-element\">\n                  <!---->\n                  <div class=\"h-heading__outer style-4201 style-local-2698-c7\">\n                    <!---->\n                    <!---->\n                    <h4 class=\"\">Nur Digital Verkauf bietet Ihnen einen wirklichen Fullservice rund um den Newsletter an<\/h4>\n                  <\/div>\n                <\/div>\n                <div data-colibri-id=\"2698-c8\" class=\"h-divider style-4213 style-local-2698-c8 position-relative h-element\">\n                  <!----><span class=\"h-divider__line style-4213-line style-local-2698-c8-line style-4213-line style-local-2698-c8-line\"><\/span><\/div>\n                <div data-colibri-id=\"2698-c9\" class=\"h-row-container gutters-row-lg-0 gutters-row-md-0 gutters-row-0 gutters-row-v-lg-0 gutters-row-v-md-0 gutters-row-v-0 style-2708 style-local-2698-c9 position-relative\">\n                  <!---->\n                  <div class=\"h-row justify-content-lg-center justify-content-md-center justify-content-center align-items-lg-stretch align-items-md-stretch align-items-stretch gutters-col-lg-0 gutters-col-md-0 gutters-col-0 gutters-col-v-lg-0 gutters-col-v-md-0 gutters-col-v-0\">\n                    <!---->\n                    <div class=\"h-column h-column-container d-flex h-col-lg-6 h-col-md-6 h-col-12 style-2709-outer style-local-2698-c10-outer\">\n                      <div data-colibri-id=\"2698-c10\" class=\"d-flex h-flex-basis h-column__inner h-px-lg-2 h-px-md-2 h-px-2 v-inner-lg-2 v-inner-md-2 v-inner-2 style-2709 style-local-2698-c10 position-relative\">\n                        <!---->\n                        <!---->\n                        <div class=\"w-100 h-y-container h-column__content h-column__v-align flex-basis-100 align-self-lg-start align-self-md-start align-self-start\">\n                          <!---->\n                          <div data-colibri-id=\"2698-c11\" class=\"h-icon style-2710 style-local-2698-c11 position-relative h-element\">\n                            <!----><span class=\"h-svg-icon h-icon__icon style-2710-icon style-local-2698-c11-icon\"><!--Icon by Font Awesome (https:\/\/fontawesome.com)-->\n    <svg version=\"1.1\" xmlns=\"http:\/\/www.w3.org\/2000\/svg\" xmlns:xlink=\"http:\/\/www.w3.org\/1999\/xlink\" id=\"quote-left\" viewBox=\"0 0 1664 1896.0833\">\n      <path d=\"M768 960v384q0 80-56 136t-136 56H192q-80 0-136-56T0 1344V640q0-104 40.5-198.5T150 278t163.5-109.5T512 128h64q26 0 45 19t19 45v128q0 26-19 45t-45 19h-64q-106 0-181 75t-75 181v32q0 40 28 68t68 28h224q80 0 136 56t56 136zm896 0v384q0 80-56 136t-136 56h-384q-80 0-136-56t-56-136V640q0-104 40.5-198.5T1046 278t163.5-109.5T1408 128h64q26 0 45 19t19 45v128q0 26-19 45t-45 19h-64q-106 0-181 75t-75 181v32q0 40 28 68t68 28h224q80 0 136 56t56 136z\"><\/path>\n    <\/svg><\/span><\/div>\n                          <div data-colibri-id=\"2698-c12\" class=\"h-global-transition-all h-heading style-2711 style-local-2698-c12 position-relative h-element\">\n                            <!---->\n                            <div class=\"h-heading__outer style-2711 style-local-2698-c12\">\n                              <!---->\n                              <!---->\n                              <h6 class=\"\">Ich habe nichtmal eine Homepage<\/h6>\n                            <\/div>\n                          <\/div>\n                          <div data-colibri-id=\"2698-c13\" class=\"h-icon style-4205 style-local-2698-c13 position-relative h-element\">\n                            <!----><span class=\"h-svg-icon h-icon__icon style-4205-icon style-local-2698-c13-icon\"><!--Icon by Font Awesome (https:\/\/fontawesome.com)-->\n    <svg version=\"1.1\" xmlns=\"http:\/\/www.w3.org\/2000\/svg\" xmlns:xlink=\"http:\/\/www.w3.org\/1999\/xlink\" id=\"quote-right\" viewBox=\"0 0 1664 1896.0833\">\n      <path d=\"M768 320v704q0 104-40.5 198.5T618 1386t-163.5 109.5T256 1536h-64q-26 0-45-19t-19-45v-128q0-26 19-45t45-19h64q106 0 181-75t75-181v-32q0-40-28-68t-68-28H192q-80 0-136-56T0 704V320q0-80 56-136t136-56h384q80 0 136 56t56 136zm896 0v704q0 104-40.5 198.5T1514 1386t-163.5 109.5T1152 1536h-64q-26 0-45-19t-19-45v-128q0-26 19-45t45-19h64q106 0 181-75t75-181v-32q0-40-28-68t-68-28h-224q-80 0-136-56t-56-136V320q0-80 56-136t136-56h384q80 0 136 56t56 136z\"><\/path>\n    <\/svg><\/span><\/div>\n                          <div data-colibri-id=\"2698-c14\" class=\"h-text h-text-component style-2712 style-local-2698-c14 position-relative h-element\">\n                            <!---->\n                            <!---->\n                            <div class=\"\">\n                              <p>Mal ganz abgesehen davon, dass wir dann auch mal \u00fcber Ihre fehlende digitale Pr\u00e4senz sprechen sollten, ist ein Newsletter davon g\u00e4nzlich unabh\u00e4ngig.&nbsp;<\/p>\n                            <\/div>\n                          <\/div>\n                        <\/div>\n                      <\/div>\n                    <\/div>\n                    <div class=\"h-column h-column-container d-flex h-col-lg-6 h-col-md-6 h-col-12 style-2709-outer style-local-2698-c15-outer\">\n                      <div data-colibri-id=\"2698-c15\" class=\"d-flex h-flex-basis h-column__inner h-px-lg-2 h-px-md-2 h-px-2 v-inner-lg-2 v-inner-md-2 v-inner-2 style-2709 style-local-2698-c15 position-relative\">\n                        <!---->\n                        <!---->\n                        <div class=\"w-100 h-y-container h-column__content h-column__v-align flex-basis-100 align-self-lg-start align-self-md-start align-self-start\">\n                          <!---->\n                          <div data-colibri-id=\"2698-c16\" class=\"h-icon style-2710 style-local-2698-c16 position-relative h-element\">\n                            <!----><span class=\"h-svg-icon h-icon__icon style-2710-icon style-local-2698-c16-icon\"><!--Icon by Font Awesome (https:\/\/fontawesome.com)-->\n    <svg version=\"1.1\" xmlns=\"http:\/\/www.w3.org\/2000\/svg\" xmlns:xlink=\"http:\/\/www.w3.org\/1999\/xlink\" id=\"quote-left\" viewBox=\"0 0 1664 1896.0833\">\n      <path d=\"M768 960v384q0 80-56 136t-136 56H192q-80 0-136-56T0 1344V640q0-104 40.5-198.5T150 278t163.5-109.5T512 128h64q26 0 45 19t19 45v128q0 26-19 45t-45 19h-64q-106 0-181 75t-75 181v32q0 40 28 68t68 28h224q80 0 136 56t56 136zm896 0v384q0 80-56 136t-136 56h-384q-80 0-136-56t-56-136V640q0-104 40.5-198.5T1046 278t163.5-109.5T1408 128h64q26 0 45 19t19 45v128q0 26-19 45t-45 19h-64q-106 0-181 75t-75 181v32q0 40 28 68t68 28h224q80 0 136 56t56 136z\"><\/path>\n    <\/svg><\/span><\/div>\n                          <div data-colibri-id=\"2698-c17\" class=\"h-global-transition-all h-heading style-2711 style-local-2698-c17 position-relative h-element\">\n                            <!---->\n                            <div class=\"h-heading__outer style-2711 style-local-2698-c17\">\n                              <!---->\n                              <!---->\n                              <h6 class=\"\">Mir fehlen die E-Mailadressen dazu<\/h6>\n                            <\/div>\n                          <\/div>\n                          <div data-colibri-id=\"2698-c18\" class=\"h-icon style-4207 style-local-2698-c18 position-relative h-element\">\n                            <!----><span class=\"h-svg-icon h-icon__icon style-4207-icon style-local-2698-c18-icon\"><!--Icon by Font Awesome (https:\/\/fontawesome.com)-->\n    <svg version=\"1.1\" xmlns=\"http:\/\/www.w3.org\/2000\/svg\" xmlns:xlink=\"http:\/\/www.w3.org\/1999\/xlink\" id=\"quote-right\" viewBox=\"0 0 1664 1896.0833\">\n      <path d=\"M768 320v704q0 104-40.5 198.5T618 1386t-163.5 109.5T256 1536h-64q-26 0-45-19t-19-45v-128q0-26 19-45t45-19h64q106 0 181-75t75-181v-32q0-40-28-68t-68-28H192q-80 0-136-56T0 704V320q0-80 56-136t136-56h384q80 0 136 56t56 136zm896 0v704q0 104-40.5 198.5T1514 1386t-163.5 109.5T1152 1536h-64q-26 0-45-19t-19-45v-128q0-26 19-45t45-19h64q106 0 181-75t75-181v-32q0-40-28-68t-68-28h-224q-80 0-136-56t-56-136V320q0-80 56-136t136-56h384q80 0 136 56t56 136z\"><\/path>\n    <\/svg><\/span><\/div>\n                          <div data-colibri-id=\"2698-c19\" class=\"h-text h-text-component style-2712 style-local-2698-c19 position-relative h-element\">\n                            <!---->\n                            <!---->\n                            <div class=\"\">\n                              <p>Die E-Mailadressen fehlen Ihnen nur deswegen, weil Sie sie bislang nicht gesammelt haben. Sie haben jeden Tag etliche Kunden und vers\u00e4umen es, diese an sich zu binden. <\/p>\n                            <\/div>\n                          <\/div>\n                        <\/div>\n                      <\/div>\n                    <\/div>\n                    <div class=\"h-column h-column-container d-flex h-col-lg-6 h-col-md-6 h-col-12 style-2709-outer style-local-2698-c20-outer\">\n                      <div data-colibri-id=\"2698-c20\" class=\"d-flex h-flex-basis h-column__inner h-px-lg-2 h-px-md-2 h-px-2 v-inner-lg-2 v-inner-md-2 v-inner-2 style-2709 style-local-2698-c20 position-relative\">\n                        <!---->\n                        <!---->\n                        <div class=\"w-100 h-y-container h-column__content h-column__v-align flex-basis-100 align-self-lg-start align-self-md-start align-self-start\">\n                          <!---->\n                          <div data-colibri-id=\"2698-c21\" class=\"h-icon style-2710 style-local-2698-c21 position-relative h-element\">\n                            <!----><span class=\"h-svg-icon h-icon__icon style-2710-icon style-local-2698-c21-icon\"><!--Icon by Font Awesome (https:\/\/fontawesome.com)-->\n    <svg version=\"1.1\" xmlns=\"http:\/\/www.w3.org\/2000\/svg\" xmlns:xlink=\"http:\/\/www.w3.org\/1999\/xlink\" id=\"quote-left\" viewBox=\"0 0 1664 1896.0833\">\n      <path d=\"M768 960v384q0 80-56 136t-136 56H192q-80 0-136-56T0 1344V640q0-104 40.5-198.5T150 278t163.5-109.5T512 128h64q26 0 45 19t19 45v128q0 26-19 45t-45 19h-64q-106 0-181 75t-75 181v32q0 40 28 68t68 28h224q80 0 136 56t56 136zm896 0v384q0 80-56 136t-136 56h-384q-80 0-136-56t-56-136V640q0-104 40.5-198.5T1046 278t163.5-109.5T1408 128h64q26 0 45 19t19 45v128q0 26-19 45t-45 19h-64q-106 0-181 75t-75 181v32q0 40 28 68t68 28h224q80 0 136 56t56 136z\"><\/path>\n    <\/svg><\/span><\/div>\n                          <div data-colibri-id=\"2698-c22\" class=\"h-global-transition-all h-heading style-2711 style-local-2698-c22 position-relative h-element\">\n                            <!---->\n                            <div class=\"h-heading__outer style-2711 style-local-2698-c22\">\n                              <!---->\n                              <!---->\n                              <h6 class=\"\">Ich wei\u00df nicht, was ich schreiben soll<\/h6>\n                            <\/div>\n                          <\/div>\n                          <div data-colibri-id=\"2698-c23\" class=\"h-icon style-4209 style-local-2698-c23 position-relative h-element\">\n                            <!----><span class=\"h-svg-icon h-icon__icon style-4209-icon style-local-2698-c23-icon\"><!--Icon by Font Awesome (https:\/\/fontawesome.com)-->\n    <svg version=\"1.1\" xmlns=\"http:\/\/www.w3.org\/2000\/svg\" xmlns:xlink=\"http:\/\/www.w3.org\/1999\/xlink\" id=\"quote-right\" viewBox=\"0 0 1664 1896.0833\">\n      <path d=\"M768 320v704q0 104-40.5 198.5T618 1386t-163.5 109.5T256 1536h-64q-26 0-45-19t-19-45v-128q0-26 19-45t45-19h64q106 0 181-75t75-181v-32q0-40-28-68t-68-28H192q-80 0-136-56T0 704V320q0-80 56-136t136-56h384q80 0 136 56t56 136zm896 0v704q0 104-40.5 198.5T1514 1386t-163.5 109.5T1152 1536h-64q-26 0-45-19t-19-45v-128q0-26 19-45t45-19h64q106 0 181-75t75-181v-32q0-40-28-68t-68-28h-224q-80 0-136-56t-56-136V320q0-80 56-136t136-56h384q80 0 136 56t56 136z\"><\/path>\n    <\/svg><\/span><\/div>\n                          <div data-colibri-id=\"2698-c24\" class=\"h-text h-text-component style-2712 style-local-2698-c24 position-relative h-element\">\n                            <!---->\n                            <!---->\n                            <div class=\"\">\n                              <p>Das wird der h\u00e4ufigste Grund, warum so viele Unternehmen keinen Newsletter schreiben.<\/p>\n                              <p> Nicht nur das &#8222;was&#8220; sondern auch das &#8222;wie&#8220; bereitet den meisten Schwierigkeiten.<\/p>\n                            <\/div>\n                          <\/div>\n                        <\/div>\n                      <\/div>\n                    <\/div>\n                    <div class=\"h-column h-column-container d-flex h-col-lg-6 h-col-md-6 h-col-12 style-2709-outer style-local-2698-c25-outer\">\n                      <div data-colibri-id=\"2698-c25\" class=\"d-flex h-flex-basis h-column__inner h-px-lg-2 h-px-md-2 h-px-2 v-inner-lg-2 v-inner-md-2 v-inner-2 style-2709 style-local-2698-c25 position-relative\">\n                        <!---->\n                        <!---->\n                        <div class=\"w-100 h-y-container h-column__content h-column__v-align flex-basis-100 align-self-lg-start align-self-md-start align-self-start\">\n                          <!---->\n                          <div data-colibri-id=\"2698-c26\" class=\"h-icon style-2710 style-local-2698-c26 position-relative h-element\">\n                            <!----><span class=\"h-svg-icon h-icon__icon style-2710-icon style-local-2698-c26-icon\"><!--Icon by Font Awesome (https:\/\/fontawesome.com)-->\n    <svg version=\"1.1\" xmlns=\"http:\/\/www.w3.org\/2000\/svg\" xmlns:xlink=\"http:\/\/www.w3.org\/1999\/xlink\" id=\"quote-left\" viewBox=\"0 0 1664 1896.0833\">\n      <path d=\"M768 960v384q0 80-56 136t-136 56H192q-80 0-136-56T0 1344V640q0-104 40.5-198.5T150 278t163.5-109.5T512 128h64q26 0 45 19t19 45v128q0 26-19 45t-45 19h-64q-106 0-181 75t-75 181v32q0 40 28 68t68 28h224q80 0 136 56t56 136zm896 0v384q0 80-56 136t-136 56h-384q-80 0-136-56t-56-136V640q0-104 40.5-198.5T1046 278t163.5-109.5T1408 128h64q26 0 45 19t19 45v128q0 26-19 45t-45 19h-64q-106 0-181 75t-75 181v32q0 40 28 68t68 28h224q80 0 136 56t56 136z\"><\/path>\n    <\/svg><\/span><\/div>\n                          <div data-colibri-id=\"2698-c27\" class=\"h-global-transition-all h-heading style-2711 style-local-2698-c27 position-relative h-element\">\n                            <!---->\n                            <div class=\"h-heading__outer style-2711 style-local-2698-c27\">\n                              <!---->\n                              <!---->\n                              <h6 class=\"\">Der Aufwand ist viel zu gro\u00df<\/h6>\n                            <\/div>\n                          <\/div>\n                          <div data-colibri-id=\"2698-c28\" class=\"h-icon style-4211 style-local-2698-c28 position-relative h-element\">\n                            <!----><span class=\"h-svg-icon h-icon__icon style-4211-icon style-local-2698-c28-icon\"><!--Icon by Font Awesome (https:\/\/fontawesome.com)-->\n    <svg version=\"1.1\" xmlns=\"http:\/\/www.w3.org\/2000\/svg\" xmlns:xlink=\"http:\/\/www.w3.org\/1999\/xlink\" id=\"quote-right\" viewBox=\"0 0 1664 1896.0833\">\n      <path d=\"M768 320v704q0 104-40.5 198.5T618 1386t-163.5 109.5T256 1536h-64q-26 0-45-19t-19-45v-128q0-26 19-45t45-19h64q106 0 181-75t75-181v-32q0-40-28-68t-68-28H192q-80 0-136-56T0 704V320q0-80 56-136t136-56h384q80 0 136 56t56 136zm896 0v704q0 104-40.5 198.5T1514 1386t-163.5 109.5T1152 1536h-64q-26 0-45-19t-19-45v-128q0-26 19-45t45-19h64q106 0 181-75t75-181v-32q0-40-28-68t-68-28h-224q-80 0-136-56t-56-136V320q0-80 56-136t136-56h384q80 0 136 56t56 136z\"><\/path>\n    <\/svg><\/span><\/div>\n                          <div data-colibri-id=\"2698-c29\" class=\"h-text h-text-component style-2712 style-local-2698-c29 position-relative h-element\">\n                            <!---->\n                            <!---->\n                            <div class=\"\">\n                              <p>Themenrecherche, Gestaltung, technische Vorrausetzungen, Datenpflege und und und&#8230;ja, einen Newsletter professionell zu betreiben, bedeutet zeitlichen Aufwand, den viele Selbst\u00e4ndigen einfach nicht aufbringen k\u00f6nnen. <\/p>\n                            <\/div>\n                          <\/div>\n                        <\/div>\n                      <\/div>\n                    <\/div>\n                  <\/div>\n                <\/div>\n              <\/div>\n            <\/div>\n          <\/div>\n        <\/div>\n      <\/div>\n      <div data-colibri-id=\"2698-c30\" class=\"h-row-container gutters-row-lg-2 gutters-row-md-2 gutters-row-0 gutters-row-v-lg-2 gutters-row-v-md-2 gutters-row-v-2 style-3185 style-local-2698-c30 position-relative\">\n        <!---->\n        <div class=\"h-row justify-content-lg-center justify-content-md-center justify-content-center align-items-lg-stretch align-items-md-stretch align-items-stretch gutters-col-lg-2 gutters-col-md-2 gutters-col-0 gutters-col-v-lg-2 gutters-col-v-md-2 gutters-col-v-2\">\n          <!---->\n          <div class=\"h-column h-column-container d-flex h-col-lg-auto h-col-md-auto h-col-auto style-3186-outer style-local-2698-c31-outer\">\n            <div data-colibri-id=\"2698-c31\" class=\"d-flex h-flex-basis h-column__inner h-px-lg-2 h-px-md-2 h-px-2 v-inner-lg-2 v-inner-md-2 v-inner-2 style-3186 style-local-2698-c31 position-relative\">\n              <!---->\n              <!---->\n              <div class=\"w-100 h-y-container h-column__content h-column__v-align flex-basis-100 align-self-lg-start align-self-md-start align-self-start\">\n                <!---->\n                <div data-colibri-id=\"2698-c32\" class=\"h-text h-text-component style-3188 style-local-2698-c32 position-relative h-element\">\n                  <!---->\n                  <!---->\n                  <div class=\"\">\n                    <p>Es gibt sicherlich eine Reihe von berechtigten Bedenken, die gegen die Implementierung eines eigenen Newsletter-Systems sprechen. Dennoch m\u00fcssen Sie nicht darauf verzichten:<\/p>\n                    <p>Digital Verkauf liefert Ihnen eine Rundum-L\u00f6sung, ohne Ihr Werbebudget \u00fcber Geb\u00fchr zu belasten. Die gesamte technische Verwaltung des Newsletter-Systems wird von verschiedenen Anbietern zu unterschiedlichen Preisen \u00fcbernommen. Wir\n                      jedoch gehen vermutlich als einziger Anbieter auf dem Markt einen Schritt weiter, indem wir anbieten, den Newsletter f\u00fcr Sie zu gestalten. Wir erforschen relevante Themen, schlagen Ihnen aussichtsreiche Aktionen vor und pr\u00e4sentieren\n                      Ihnen den fertiggestellten Newsletter zur Genehmigung.<\/p>\n                    <p>Unser Service endet jedoch nicht mit dem Versand des Newsletters. Im Anschluss pflegen wir die Daten, erstellen Statistiken \u00fcber den Erfolg des Newsletters und passen diesen an die Bed\u00fcrfnisse Ihrer Kunden an.<\/p>\n                    <p>Kurz gesagt: Wir verwandeln \u201eEinmal-Kunden\u201c in \u201eStammkunden\u201c und das mit minimalem Aufwand f\u00fcr Sie, sodass Sie sich auf Ihr Hauptgesch\u00e4ft konzentrieren k\u00f6nnen.&nbsp;<\/p>\n                  <\/div>\n                <\/div>\n              <\/div>\n            <\/div>\n          <\/div>\n        <\/div>\n      <\/div>\n      <div data-colibri-id=\"2698-c33\" class=\"h-row-container gutters-row-lg-2 gutters-row-md-2 gutters-row-0 gutters-row-v-lg-2 gutters-row-v-md-2 gutters-row-v-2 style-2717 style-local-2698-c33 position-relative\">\n        <!---->\n        <div class=\"h-row justify-content-lg-center justify-content-md-center justify-content-center align-items-lg-stretch align-items-md-stretch align-items-stretch gutters-col-lg-2 gutters-col-md-2 gutters-col-0 gutters-col-v-lg-2 gutters-col-v-md-2 gutters-col-v-2\">\n          <!---->\n          <div class=\"h-column h-column-container d-flex h-col-lg-auto h-col-md-auto h-col-auto style-2718-outer style-local-2698-c34-outer\">\n            <div data-colibri-id=\"2698-c34\" class=\"d-flex h-flex-basis h-column__inner h-px-lg-2 h-px-md-2 h-px-2 v-inner-lg-2 v-inner-md-2 v-inner-2 style-2718 style-local-2698-c34 position-relative\">\n              <!---->\n              <!---->\n              <div class=\"w-100 h-y-container h-column__content h-column__v-align flex-basis-100 align-self-lg-start align-self-md-start align-self-start\">\n                <!---->\n                <div data-colibri-id=\"2698-c35\" class=\"h-x-container style-2719 style-local-2698-c35 position-relative h-element\">\n                  <!---->\n                  <div class=\"h-x-container-inner style-dynamic-2698-c35-group style-2719-spacing style-local-2698-c35-spacing\"><span class=\"h-button__outer style-2720-outer style-local-2698-c36-outer d-inline-flex h-element\"><a h-use-smooth-scroll=\"true\" href=\"https:\/\/digital-verkauf.de\/?page_id=2772\"  data-colibri-id=\"2698-c36\" class=\"d-flex w-100 align-items-center h-button justify-content-lg-center justify-content-md-center justify-content-center style-2720 style-local-2698-c36 position-relative\"><!----><!----> <span>Ja, ich m\u00f6chte meinen Kunden auch<br><br>einen Newsletter anbieten!<\/span><\/a>\n                    <\/span>\n                  <\/div>\n                <\/div>\n              <\/div>\n            <\/div>\n          <\/div>\n        <\/div>\n      <\/div>\n    <\/div>\n  <\/div>\n<\/div>","protected":false},"excerpt":{"rendered":"<p>Nur Digital Verkauf bietet Ihnen einen wirklichen Fullservice rund um den Newsletter an Ich habe nichtmal eine Homepage Mal ganz abgesehen davon, dass wir dann auch mal \u00fcber Ihre fehlende digitale Pr\u00e4senz sprechen sollten, ist ein Newsletter davon g\u00e4nzlich unabh\u00e4ngig.&nbsp; Mir fehlen die E-Mailadressen dazu Die E-Mailadressen fehlen Ihnen nur deswegen, weil Sie sie bislang [&hellip;]<\/p>\n","protected":false},"author":1,"featured_media":0,"parent":34,"menu_order":3,"comment_status":"closed","ping_status":"closed","template":"page-templates\/homepage.php","meta":{"footnotes":""},"class_list":["post-2698","page","type-page","status-publish","hentry"],"_links":{"self":[{"href":"https:\/\/digital-verkauf.de\/index.php?rest_route=\/wp\/v2\/pages\/2698","targetHints":{"allow":["GET"]}}],"collection":[{"href":"https:\/\/digital-verkauf.de\/index.php?rest_route=\/wp\/v2\/pages"}],"about":[{"href":"https:\/\/digital-verkauf.de\/index.php?rest_route=\/wp\/v2\/types\/page"}],"author":[{"embeddable":true,"href":"https:\/\/digital-verkauf.de\/index.php?rest_route=\/wp\/v2\/users\/1"}],"replies":[{"embeddable":true,"href":"https:\/\/digital-verkauf.de\/index.php?rest_route=%2Fwp%2Fv2%2Fcomments&post=2698"}],"version-history":[{"count":20,"href":"https:\/\/digital-verkauf.de\/index.php?rest_route=\/wp\/v2\/pages\/2698\/revisions"}],"predecessor-version":[{"id":8636,"href":"https:\/\/digital-verkauf.de\/index.php?rest_route=\/wp\/v2\/pages\/2698\/revisions\/8636"}],"up":[{"embeddable":true,"href":"https:\/\/digital-verkauf.de\/index.php?rest_route=\/wp\/v2\/pages\/34"}],"wp:attachment":[{"href":"https:\/\/digital-verkauf.de\/index.php?rest_route=%2Fwp%2Fv2%2Fmedia&parent=2698"}],"curies":[{"name":"wp","href":"https:\/\/api.w.org\/{rel}","templated":true}]}}