{"id":2882,"date":"2021-07-25T10:41:14","date_gmt":"2021-07-25T08:41:14","guid":{"rendered":"https:\/\/digital-verkauf.de\/?page_id=2882"},"modified":"2023-08-22T16:20:41","modified_gmt":"2023-08-22T14:20:41","slug":"digitale-printwerbung","status":"publish","type":"page","link":"https:\/\/digital-verkauf.de\/?page_id=2882","title":{"rendered":"Digitale Printwerbung"},"content":{"rendered":"<div data-colibri-id=\"2882-c1\" class=\"style-2784 style-local-2882-c1 position-relative\">\n  <!---->\n  <div data-colibri-component=\"section\" data-colibri-id=\"2882-c2\" id=\"about\" class=\"h-section h-section-global-spacing d-flex align-items-lg-center align-items-md-center align-items-center style-3353 style-local-2882-c2 position-relative\">\n    <!---->\n    <!---->\n    <div class=\"h-section-grid-container h-section-boxed-container\">\n      <!---->\n      <div data-colibri-id=\"2882-c3\" class=\"h-row-container gutters-row-lg-0 gutters-row-md-0 gutters-row-0 gutters-row-v-lg-0 gutters-row-v-md-0 gutters-row-v-0 style-3354 style-local-2882-c3 position-relative\">\n        <!---->\n        <div class=\"h-row justify-content-lg-center justify-content-md-center justify-content-center align-items-lg-stretch align-items-md-stretch align-items-stretch gutters-col-lg-0 gutters-col-md-0 gutters-col-0 gutters-col-v-lg-0 gutters-col-v-md-0 gutters-col-v-0\">\n          <!---->\n          <div class=\"h-column h-column-container d-flex h-col-lg-auto h-col-md-auto h-col-auto style-3355-outer style-local-2882-c4-outer\">\n            <div data-colibri-id=\"2882-c4\" class=\"d-flex h-flex-basis h-column__inner h-ui-empty-state-container h-px-lg-0 h-px-md-0 h-px-0 v-inner-lg-0 v-inner-md-0 v-inner-0 style-3355 style-local-2882-c4 position-relative\">\n              <!---->\n              <!---->\n              <div class=\"w-100 h-y-container h-column__content h-column__v-align flex-basis-100\">\n                <!---->\n              <\/div>\n            <\/div>\n          <\/div>\n          <div class=\"h-column h-column-container d-flex h-col-lg-auto h-col-md-auto h-col-auto style-3356-outer style-local-2882-c5-outer\">\n            <div data-colibri-id=\"2882-c5\" class=\"d-flex h-flex-basis h-column__inner h-px-lg-2 h-px-md-2 h-px-2 v-inner-lg-2 v-inner-md-2 v-inner-2 style-3356 style-local-2882-c5 position-relative\">\n              <!---->\n              <!---->\n              <div class=\"w-100 h-y-container h-column__content h-column__v-align flex-basis-100 align-self-lg-start align-self-md-start align-self-start\">\n                <!---->\n                <div data-colibri-id=\"2882-c6\" class=\"h-icon style-3361 style-local-2882-c6 position-relative h-element\">\n                  <!----><span class=\"h-svg-icon h-icon__icon style-3361-icon style-local-2882-c6-icon\"><!--Icon by Font Awesome (https:\/\/fontawesome.com)-->\n    <svg version=\"1.1\" xmlns=\"http:\/\/www.w3.org\/2000\/svg\" xmlns:xlink=\"http:\/\/www.w3.org\/1999\/xlink\" id=\"newspaper-o\" viewBox=\"0 0 2048 1896.0833\">\n      <path d=\"M1024 512H640v384h384V512zm128 640v128H512v-128h640zm0-768v640H512V384h640zm640 768v128h-512v-128h512zm0-256v128h-512V896h512zm0-256v128h-512V640h512zm0-256v128h-512V384h512zM256 1344V384H128v960q0 26 19 45t45 19 45-19 19-45zm1664 0V256H384v1088q0 33-11 64h1483q26 0 45-19t19-45zm128-1216v1216q0 80-56 136t-136 56H192q-80 0-136-56T0 1344V256h256V128h1792z\"><\/path>\n    <\/svg><\/span><\/div>\n                <div data-colibri-id=\"2882-c7\" class=\"h-global-transition-all h-heading style-4198 style-local-2882-c7 position-relative h-element\">\n                  <!---->\n                  <div class=\"h-heading__outer style-4198 style-local-2882-c7\">\n                    <!---->\n                    <!---->\n                    <h5 class=\"\">Digital Verkauf hebt Ihre analoge Werbung auf ein neues Level&nbsp;<\/h5>\n                  <\/div>\n                <\/div>\n                <div data-colibri-id=\"2882-c8\" class=\"h-divider style-3363 style-local-2882-c8 position-relative h-element\">\n                  <!----><span class=\"h-divider__line style-3363-line style-local-2882-c8-line style-3363-line style-local-2882-c8-line\"><\/span><\/div>\n                <div data-colibri-id=\"2882-c9\" class=\"h-text h-text-component style-3359 style-local-2882-c9 position-relative h-element\">\n                  <!---->\n                  <!---->\n                  <div class=\"\">\n                    <p>Passt das traditionelle Printmedium tats\u00e4chlich zur digitalen Welt? Wir sind der Meinung, dass dies durchaus m\u00f6glich ist, wenn beide Komponenten sinnvoll kombiniert werden.<\/p>\n                    <p>Analoge Werbemittel wie Flyer, Zeitungsanzeigen, Brosch\u00fcren, Kataloge, Visitenkarten, Roll-Ups und \u00c4hnliches genie\u00dfen nach wie vor einen hohen Stellenwert.<\/p>\n                    <p>Mit unserem innovativen Response Button\u00a9 bringen Sie Ihr traditionelles Marketing in die digitale \u00c4ra. Ziel ist es, potenzielle Kunden, die eine Offline-Werbung sehen oder lesen, zu einer Online-Interaktion zu animieren.<\/p>\n                  <\/div>\n                <\/div>\n              <\/div>\n            <\/div>\n          <\/div>\n        <\/div>\n      <\/div>\n    <\/div>\n  <\/div>\n  <div data-colibri-component=\"section\" data-colibri-id=\"2882-c10\" id=\"overlappable-2\" class=\"h-section h-section-global-spacing d-flex align-items-lg-center align-items-md-center align-items-center style-3118 style-local-2882-c10 position-relative\">\n    <!---->\n    <!---->\n    <div class=\"h-section-grid-container h-section-boxed-container\">\n      <!---->\n      <div data-colibri-id=\"2882-c11\" class=\"h-row-container gutters-row-lg-2 gutters-row-md-2 gutters-row-0 gutters-row-v-lg-2 gutters-row-v-md-2 gutters-row-v-2 style-3125 style-local-2882-c11 position-relative\">\n        <!---->\n        <div class=\"h-row justify-content-lg-center justify-content-md-center justify-content-center align-items-lg-stretch align-items-md-stretch align-items-stretch gutters-col-lg-2 gutters-col-md-2 gutters-col-0 gutters-col-v-lg-2 gutters-col-v-md-2 gutters-col-v-2\">\n          <!---->\n          <div class=\"h-column h-column-container d-flex h-col-lg-auto h-col-md-auto h-col-auto style-3126-outer style-local-2882-c12-outer\">\n            <div data-colibri-id=\"2882-c12\" class=\"d-flex h-flex-basis h-column__inner h-px-lg-2 h-px-md-2 h-px-2 v-inner-lg-2 v-inner-md-2 v-inner-2 style-3126 style-local-2882-c12 position-relative\">\n              <!---->\n              <!---->\n              <div class=\"w-100 h-y-container h-column__content h-column__v-align flex-basis-100 align-self-lg-start align-self-md-start align-self-start\">\n                <!---->\n                <div data-colibri-id=\"2882-c13\" class=\"h-text h-text-component style-3127 style-local-2882-c13 position-relative h-element\">\n                  <!---->\n                  <!---->\n                  <div class=\"\">\n                    <p> Nur unsere Methode gibt den Betrachter Ihrer Werbung die Chance direkt zu reagieren, <span style=\"font-weight: 600;\">ohne Sie anzurufen oder Ihre Internetadresse einzugeben.&nbsp;&nbsp;<\/span><span style=\"font-weight: 400;\">Der Nutzen, f\u00fcr Sie als auch f\u00fcr Ihre potentiellen Kunden, stellt sich wie folgt dar:<\/span><\/p>\n                  <\/div>\n                <\/div>\n              <\/div>\n            <\/div>\n          <\/div>\n        <\/div>\n      <\/div>\n      <div data-colibri-id=\"2882-c14\" class=\"h-row-container gutters-row-lg-0 gutters-row-md-0 gutters-row-2 gutters-row-v-lg-0 gutters-row-v-md-0 gutters-row-v-2 style-3119 style-local-2882-c14 position-relative\">\n        <!---->\n        <div class=\"h-row justify-content-lg-center justify-content-md-center justify-content-center align-items-lg-stretch align-items-md-stretch align-items-stretch gutters-col-lg-0 gutters-col-md-0 gutters-col-2 gutters-col-v-lg-0 gutters-col-v-md-0 gutters-col-v-2\">\n          <!---->\n          <div class=\"h-column h-column-container d-flex h-col-lg-3 h-col-md-3 h-col-12 style-3120-outer style-local-2882-c15-outer\">\n            <div data-colibri-id=\"2882-c15\" class=\"d-flex h-flex-basis h-column__inner h-px-lg-3 h-px-md-3 h-px-2 v-inner-lg-3 v-inner-md-3 v-inner-2 style-3120 style-local-2882-c15 position-relative\">\n              <!---->\n              <!---->\n              <div class=\"w-100 h-y-container h-column__content h-column__v-align flex-basis-100 align-self-lg-start align-self-md-start align-self-start\">\n                <!---->\n                <div data-colibri-id=\"2882-c16\" class=\"h-icon style-3121 style-local-2882-c16 position-relative h-element\">\n                  <!----><span class=\"h-svg-icon h-icon__icon style-3121-icon style-local-2882-c16-icon\"><!--Icon by Font Awesome (https:\/\/fontawesome.com)-->\n    <svg version=\"1.1\" xmlns=\"http:\/\/www.w3.org\/2000\/svg\" xmlns:xlink=\"http:\/\/www.w3.org\/1999\/xlink\" id=\"laptop\" viewBox=\"0 0 1920 1896.0833\">\n      <path d=\"M416 1280q-66 0-113-47t-47-113V416q0-66 47-113t113-47h1088q66 0 113 47t47 113v704q0 66-47 113t-113 47H416zm-32-864v704q0 13 9.5 22.5t22.5 9.5h1088q13 0 22.5-9.5t9.5-22.5V416q0-13-9.5-22.5T1504 384H416q-13 0-22.5 9.5T384 416zm1376 928h160v96q0 40-47 68t-113 28H160q-66 0-113-28t-47-68v-96h1760zm-720 96q16 0 16-16t-16-16H880q-16 0-16 16t16 16h160z\"><\/path>\n    <\/svg><\/span><\/div>\n                <div data-colibri-id=\"2882-c17\" class=\"h-global-transition-all h-heading style-3122 style-local-2882-c17 position-relative h-element\">\n                  <!---->\n                  <div class=\"h-heading__outer style-3122 style-local-2882-c17\">\n                    <!---->\n                    <!---->\n                    <h6 class=\"\">Digitalisierung&nbsp;<\/h6>\n                  <\/div>\n                <\/div>\n                <div data-colibri-id=\"2882-c18\" class=\"h-text h-text-component style-3123 style-local-2882-c18 position-relative h-element\">\n                  <!---->\n                  <!---->\n                  <div class=\"\">\n                    <p>Ihre potentiellen Kunden m\u00fcssen \u00fcberall Zugang zu Ihren Produkten und Dienstleistungen haben.&nbsp;Schlagen Sie eine Br\u00fccke von der analogen Zeitung in die digitale Welt.<\/p>\n                  <\/div>\n                <\/div>\n              <\/div>\n            <\/div>\n          <\/div>\n          <div class=\"h-column h-column-container d-flex h-col-lg-3 h-col-md-3 h-col-12 style-3120-outer style-local-2882-c19-outer\">\n            <div data-colibri-id=\"2882-c19\" class=\"d-flex h-flex-basis h-column__inner h-px-lg-3 h-px-md-3 h-px-2 v-inner-lg-3 v-inner-md-3 v-inner-2 style-3120 style-local-2882-c19 position-relative\">\n              <!---->\n              <!---->\n              <div class=\"w-100 h-y-container h-column__content h-column__v-align flex-basis-100 align-self-lg-start align-self-md-start align-self-start\">\n                <!---->\n                <div data-colibri-id=\"2882-c20\" class=\"h-icon style-3121 style-local-2882-c20 position-relative h-element\">\n                  <!----><span class=\"h-svg-icon h-icon__icon style-3121-icon style-local-2882-c20-icon\"><!--Icon by Font Awesome (https:\/\/fontawesome.com)-->\n    <svg version=\"1.1\" xmlns=\"http:\/\/www.w3.org\/2000\/svg\" xmlns:xlink=\"http:\/\/www.w3.org\/1999\/xlink\" id=\"bar-chart-o\" viewBox=\"0 0 2048 1896.0833\">\n      <path d=\"M640 896v512H384V896h256zm384-512v1024H768V384h256zm1024 1152v128H0V128h128v1408h1920zm-640-896v768h-256V640h256zm384-384v1152h-256V256h256z\"><\/path>\n    <\/svg><\/span><\/div>\n                <div data-colibri-id=\"2882-c21\" class=\"h-global-transition-all h-heading style-3122 style-local-2882-c21 position-relative h-element\">\n                  <!---->\n                  <div class=\"h-heading__outer style-3122 style-local-2882-c21\">\n                    <!---->\n                    <!---->\n                    <h6 class=\"\">Daten und Fakten<\/h6>\n                  <\/div>\n                <\/div>\n                <div data-colibri-id=\"2882-c22\" class=\"h-text h-text-component style-3123 style-local-2882-c22 position-relative h-element\">\n                  <!---->\n                  <!---->\n                  <div class=\"\">\n                    <p>Mit der Methode von Digital Verkauf haben Sie erstmals die M\u00f6glichkeit festzustellen, wie ein Printmedium bei den Lesern ankommt und was Sie ggf. zu \u00e4ndern haben, um es zu optimieren.<\/p>\n                  <\/div>\n                <\/div>\n              <\/div>\n            <\/div>\n          <\/div>\n          <div class=\"h-column h-column-container d-flex h-col-lg-3 h-col-md-3 h-col-12 style-3120-outer style-local-2882-c23-outer\">\n            <div data-colibri-id=\"2882-c23\" class=\"d-flex h-flex-basis h-column__inner h-px-lg-3 h-px-md-3 h-px-2 v-inner-lg-3 v-inner-md-3 v-inner-2 style-3120 style-local-2882-c23 position-relative\">\n              <!---->\n              <!---->\n              <div class=\"w-100 h-y-container h-column__content h-column__v-align flex-basis-100 align-self-lg-start align-self-md-start align-self-start\">\n                <!---->\n                <div data-colibri-id=\"2882-c24\" class=\"h-icon style-3121 style-local-2882-c24 position-relative h-element\">\n                  <!----><span class=\"h-svg-icon h-icon__icon style-3121-icon style-local-2882-c24-icon\"><!--Icon by Font Awesome (https:\/\/fontawesome.com)-->\n    <svg version=\"1.1\" xmlns=\"http:\/\/www.w3.org\/2000\/svg\" xmlns:xlink=\"http:\/\/www.w3.org\/1999\/xlink\" id=\"envelope-o\" viewBox=\"0 0 1792 1896.0833\">\n      <path d=\"M1664 1504V736q-32 36-69 66-268 206-426 338-51 43-83 67t-86.5 48.5T897 1280h-2q-48 0-102.5-24.5T706 1207t-83-67q-158-132-426-338-37-30-69-66v768q0 13 9.5 22.5t22.5 9.5h1472q13 0 22.5-9.5t9.5-22.5zm0-1051v-24.5l-.5-13-3-12.5-5.5-9-9-7.5-14-2.5H160q-13 0-22.5 9.5T128 416q0 168 147 284 193 152 401 317 6 5 35 29.5t46 37.5 44.5 31.5T852 1143t43 9h2q20 0 43-9t50.5-27.5 44.5-31.5 46-37.5 35-29.5q208-165 401-317 54-43 100.5-115.5T1664 453zm128-37v1088q0 66-47 113t-113 47H160q-66 0-113-47T0 1504V416q0-66 47-113t113-47h1472q66 0 113 47t47 113z\"><\/path>\n    <\/svg><\/span><\/div>\n                <div data-colibri-id=\"2882-c25\" class=\"h-global-transition-all h-heading style-3122 style-local-2882-c25 position-relative h-element\">\n                  <!---->\n                  <div class=\"h-heading__outer style-3122 style-local-2882-c25\">\n                    <!---->\n                    <!---->\n                    <h6 class=\"\">Reaktionen<\/h6>\n                  <\/div>\n                <\/div>\n                <div data-colibri-id=\"2882-c26\" class=\"h-text h-text-component style-3123 style-local-2882-c26 position-relative h-element\">\n                  <!---->\n                  <!---->\n                  <div class=\"\">\n                    <p>Liefern Sie Ihren Kunden einen Mehrwert, wie weiterf\u00fchrende Informationen, Rabatte oder andere Verg\u00fctungen&nbsp;und das auf unkomplizierten Weg.<\/p>\n                  <\/div>\n                <\/div>\n              <\/div>\n            <\/div>\n          <\/div>\n          <div class=\"h-column h-column-container d-flex h-col-lg-3 h-col-md-3 h-col-12 style-3124-outer style-local-2882-c27-outer\">\n            <div data-colibri-id=\"2882-c27\" class=\"d-flex h-flex-basis h-column__inner h-px-lg-3 h-px-md-3 h-px-2 v-inner-lg-3 v-inner-md-3 v-inner-2 style-3124 style-local-2882-c27 position-relative\">\n              <!---->\n              <!---->\n              <div class=\"w-100 h-y-container h-column__content h-column__v-align flex-basis-100 align-self-lg-start align-self-md-start align-self-start\">\n                <!---->\n                <div data-colibri-id=\"2882-c28\" class=\"h-icon style-3121 style-local-2882-c28 position-relative h-element\">\n                  <!----><span class=\"h-svg-icon h-icon__icon style-3121-icon style-local-2882-c28-icon\"><!--Icon by Ionicons (https:\/\/ionicons.com)--><svg version=\"1.1\" xmlns=\"http:\/\/www.w3.org\/2000\/svg\" xmlns:xlink=\"http:\/\/www.w3.org\/1999\/xlink\" id=\"ios-people\" viewBox=\"0 0 448 512\"><path d=\"M317 335c11 4-11-4 0 0zm0 0c28 10 46 35 46 65H85c0-22 9-42 27-55 15-11 31-12 49-16 7-1 24-5 26-13s1-15 1-23c0-3 0-3-2-5-4-4-6-9-8-14-2-8-3-16-4-24-9 2-10-16-12-21-1-4-7-24 3-21-3-5-4-13-5-19-2-13-2-26 3-39 10-26 37-39 64-38 26 1 51 16 59 42 4 12 3 26 1 39-1 5-2 11-4 15 10-3 4 20 3 23-2 5-3 21-12 19-1 10-2 22-7 31-1 2-7 8-7 10v11c0 5 0 10 2 15s10 7 14 8c14 5 27 5 41 10zm-206-13h2-2zm0 0c-9 5-17 11-24 19-1 2-6 11-7 11H0c0-20 12-34 30-40 6-2 27-4 30-11 2-5 1-11 1-16-10 1-24-1-32-7-2-2 3-9 4-12 1-4 2-7 3-11 1-9 1-19 1-28 0-16-1-35 8-49 8-13 23-18 38-18 24 0 43 13 47 37 3 16 1 32 2 48 0 8 2 16 5 24 1 2 5 7 3 9l-6 3c-5 2-11 3-17 4-1 0-8 0-9 1s0 9 0 11c0 4 1 6 5 7 6 2 19 3 23 8 2 3 1 5-2 5-7 1-14 2-21 5 2-1 2-2-1 0-8 4-4 2-1 0zm306-10c18 6 31 20 31 40h-80c-2-8-10-14-16-19-8-6-18-13-28-15-3-1-16 1-13-5 2-4 9-5 13-6s15-2 16-7c0-1 1-14 0-14-6 0-12-1-18-2-4-1-7-2-11-4-6-3-2-6 0-11 14-32-10-88 32-105 15-6 34-5 48 3 15 9 20 27 20 44 0 20-4 44 7 62 2 3 4 4 0 6-2 1-4 1-6 2l-12 3s-9 1-13 1c0 4-2 13 1 17 6 7 21 7 29 10z\"><\/path><\/svg><\/span><\/div>\n                <div\n                  data-colibri-id=\"2882-c29\" class=\"h-global-transition-all h-heading style-3122 style-local-2882-c29 position-relative h-element\">\n                  <!---->\n                  <div class=\"h-heading__outer style-3122 style-local-2882-c29\">\n                    <!---->\n                    <!---->\n                    <h6 class=\"\">Kommunikation<\/h6>\n                  <\/div>\n              <\/div>\n              <div data-colibri-id=\"2882-c30\" class=\"h-text h-text-component style-3123 style-local-2882-c30 position-relative h-element\">\n                <!---->\n                <!---->\n                <div class=\"\">\n                  <p>Kommen Sie mit den Lesern ins Gespr\u00e4ch und erhalten damit die M\u00f6glichkeit, ihn zu einen Kunden zu machen; und das auf einen Weg, der den Lesern schon aus den Internet bekannt ist.&nbsp;<\/p>\n                <\/div>\n              <\/div>\n            <\/div>\n          <\/div>\n        <\/div>\n      <\/div>\n    <\/div>\n    <div data-colibri-id=\"2882-c31\" class=\"h-row-container gutters-row-lg-2 gutters-row-md-2 gutters-row-0 gutters-row-v-lg-2 gutters-row-v-md-2 gutters-row-v-2 style-3128 style-local-2882-c31 position-relative\">\n      <!---->\n      <div class=\"h-row justify-content-lg-center justify-content-md-center justify-content-center align-items-lg-stretch align-items-md-stretch align-items-stretch gutters-col-lg-2 gutters-col-md-2 gutters-col-0 gutters-col-v-lg-2 gutters-col-v-md-2 gutters-col-v-2\">\n        <!---->\n        <div class=\"h-column h-column-container d-flex h-col-lg-auto h-col-md-auto h-col-auto style-3129-outer style-local-2882-c32-outer\">\n          <div data-colibri-id=\"2882-c32\" class=\"d-flex h-flex-basis h-column__inner h-px-lg-2 h-px-md-2 h-px-2 v-inner-lg-2 v-inner-md-2 v-inner-2 style-3129 style-local-2882-c32 position-relative\">\n            <!---->\n            <!---->\n            <div class=\"w-100 h-y-container h-column__content h-column__v-align flex-basis-100 align-self-lg-start align-self-md-start align-self-start\">\n              <!---->\n              <div data-colibri-id=\"2882-c33\" class=\"h-x-container style-3130 style-local-2882-c33 position-relative h-element\">\n                <!---->\n                <div class=\"h-x-container-inner style-dynamic-2882-c33-group style-3130-spacing style-local-2882-c33-spacing\"><span class=\"h-button__outer style-3131-outer style-local-2882-c34-outer d-inline-flex h-element\"><a h-use-smooth-scroll=\"true\" href=\"https:\/\/digital-verkauf.de\/?page_id=2772\"  data-colibri-id=\"2882-c34\" class=\"d-flex w-100 align-items-center h-button justify-content-lg-center justify-content-md-center justify-content-center style-3131 style-local-2882-c34 position-relative\"><!----><!----> <span>Ja, ich m\u00f6chte meine Werbung<br><br> auf ein neues Level heben<\/span><\/a>\n                  <\/span>\n                <\/div>\n              <\/div>\n            <\/div>\n          <\/div>\n        <\/div>\n      <\/div>\n    <\/div>\n  <\/div>\n<\/div>\n<\/div>","protected":false},"excerpt":{"rendered":"<p>Digital Verkauf hebt Ihre analoge Werbung auf ein neues Level&nbsp; Passt das traditionelle Printmedium tats\u00e4chlich zur digitalen Welt? Wir sind der Meinung, dass dies durchaus m\u00f6glich ist, wenn beide Komponenten sinnvoll kombiniert werden. Analoge Werbemittel wie Flyer, Zeitungsanzeigen, Brosch\u00fcren, Kataloge, Visitenkarten, Roll-Ups und \u00c4hnliches genie\u00dfen nach wie vor einen hohen Stellenwert. Mit unserem innovativen Response [&hellip;]<\/p>\n","protected":false},"author":1,"featured_media":0,"parent":34,"menu_order":2,"comment_status":"closed","ping_status":"closed","template":"page-templates\/homepage.php","meta":{"footnotes":""},"class_list":["post-2882","page","type-page","status-publish","hentry"],"_links":{"self":[{"href":"https:\/\/digital-verkauf.de\/index.php?rest_route=\/wp\/v2\/pages\/2882","targetHints":{"allow":["GET"]}}],"collection":[{"href":"https:\/\/digital-verkauf.de\/index.php?rest_route=\/wp\/v2\/pages"}],"about":[{"href":"https:\/\/digital-verkauf.de\/index.php?rest_route=\/wp\/v2\/types\/page"}],"author":[{"embeddable":true,"href":"https:\/\/digital-verkauf.de\/index.php?rest_route=\/wp\/v2\/users\/1"}],"replies":[{"embeddable":true,"href":"https:\/\/digital-verkauf.de\/index.php?rest_route=%2Fwp%2Fv2%2Fcomments&post=2882"}],"version-history":[{"count":20,"href":"https:\/\/digital-verkauf.de\/index.php?rest_route=\/wp\/v2\/pages\/2882\/revisions"}],"predecessor-version":[{"id":8760,"href":"https:\/\/digital-verkauf.de\/index.php?rest_route=\/wp\/v2\/pages\/2882\/revisions\/8760"}],"up":[{"embeddable":true,"href":"https:\/\/digital-verkauf.de\/index.php?rest_route=\/wp\/v2\/pages\/34"}],"wp:attachment":[{"href":"https:\/\/digital-verkauf.de\/index.php?rest_route=%2Fwp%2Fv2%2Fmedia&parent=2882"}],"curies":[{"name":"wp","href":"https:\/\/api.w.org\/{rel}","templated":true}]}}