{"id":6173,"date":"2023-03-21T16:01:15","date_gmt":"2023-03-21T15:01:15","guid":{"rendered":"https:\/\/digital-verkauf.de\/?page_id=6173"},"modified":"2023-08-22T13:21:43","modified_gmt":"2023-08-22T11:21:43","slug":"block-vorlage-2","status":"publish","type":"page","link":"https:\/\/digital-verkauf.de\/?page_id=6173","title":{"rendered":"Kunden gewinnen in Zeiten der Inflation"},"content":{"rendered":"<div data-colibri-id=\"6173-c1\" class=\"style-5331 style-local-6173-c1 position-relative\">\n  <!---->\n  <div data-colibri-component=\"section\" data-colibri-id=\"6173-c2\" id=\"content-2\" class=\"h-section h-section-global-spacing d-flex align-items-lg-center align-items-md-center align-items-center style-5353 style-local-6173-c2 position-relative\">\n    <!---->\n    <!---->\n    <div class=\"h-section-grid-container h-section-boxed-container\">\n      <!---->\n      <div data-colibri-id=\"6173-c3\" class=\"h-row-container gutters-row-lg-2 gutters-row-md-2 gutters-row-2 gutters-row-v-lg-2 gutters-row-v-md-2 gutters-row-v-2 style-5354 style-local-6173-c3 position-relative\">\n        <!---->\n        <div class=\"h-row justify-content-lg-center justify-content-md-center justify-content-center align-items-lg-stretch align-items-md-stretch align-items-stretch gutters-col-lg-2 gutters-col-md-2 gutters-col-2 gutters-col-v-lg-2 gutters-col-v-md-2 gutters-col-v-2\">\n          <!---->\n          <div class=\"h-column h-column-container d-flex h-col-lg-auto h-col-md-auto h-col-auto style-5355-outer style-local-6173-c4-outer\">\n            <div data-colibri-id=\"6173-c4\" class=\"d-flex h-flex-basis h-column__inner h-px-lg-0 h-px-md-2 h-px-0 v-inner-lg-0 v-inner-md-2 v-inner-0 style-5355 style-local-6173-c4 position-relative\">\n              <!---->\n              <!---->\n              <div class=\"w-100 h-y-container h-column__content h-column__v-align flex-basis-100 align-self-lg-center align-self-md-center align-self-center\">\n                <!---->\n                <div data-colibri-id=\"6173-c5\" class=\"d-block style-5356 style-local-6173-c5 position-relative h-element\">\n                  <!---->\n                  <div class=\"h-image__frame-container-outer\">\n                    <div class=\"h-image__frame-container\">\n                      <!---->\n                      <!---->\n                      <img loading=\"lazy\" decoding=\"async\" width=\"1920\" height=\"1396\" src=\"https:\/\/digital-verkauf.de\/wp-content\/uploads\/2023\/03\/Infla.jpg\" class=\"wp-image-6046 style-5356-image style-local-6173-c5-image\" alt=\"\" srcset=\"https:\/\/digital-verkauf.de\/wp-content\/uploads\/2023\/03\/Infla.jpg 1920w, https:\/\/digital-verkauf.de\/wp-content\/uploads\/2023\/03\/Infla-300x218.jpg 300w, https:\/\/digital-verkauf.de\/wp-content\/uploads\/2023\/03\/Infla-1024x745.jpg 1024w, https:\/\/digital-verkauf.de\/wp-content\/uploads\/2023\/03\/Infla-768x558.jpg 768w, https:\/\/digital-verkauf.de\/wp-content\/uploads\/2023\/03\/Infla-1536x1117.jpg 1536w\" sizes=\"auto, (max-width: 1920px) 100vw, 1920px\" \/>\n                      <div class=\"h-image__frame h-hide-sm style-5356-frameImage style-local-6173-c5-frameImage\"><\/div>\n                    <\/div>\n                  <\/div>\n                <\/div>\n              <\/div>\n            <\/div>\n          <\/div>\n          <div class=\"h-column h-column-container d-flex h-col-lg-auto h-col-md-auto h-col-auto style-5357-outer style-local-6173-c6-outer\">\n            <div data-colibri-id=\"6173-c6\" class=\"d-flex h-flex-basis h-column__inner h-px-lg-0 h-px-md-0 h-px-2 v-inner-lg-0 v-inner-md-0 v-inner-2 style-5357 style-local-6173-c6 position-relative\">\n              <!---->\n              <!---->\n              <div class=\"w-100 h-y-container h-column__content h-column__v-align flex-basis-100 align-self-lg-center align-self-md-center align-self-center\">\n                <!---->\n                <div data-colibri-id=\"6173-c7\" class=\"h-global-transition-all h-heading style-5358 style-local-6173-c7 position-relative h-element\">\n                  <!---->\n                  <div class=\"h-heading__outer style-5358 style-local-6173-c7\">\n                    <!---->\n                    <!---->\n                    <h3 class=\"\">Kunden gewinnen in Zeiten der Inflation<\/h3>\n                  <\/div>\n                <\/div>\n                <div data-colibri-id=\"6173-c8\" class=\"h-text h-text-component style-5359 style-local-6173-c8 position-relative h-element\">\n                  <!---->\n                  <!---->\n                  <div class=\"\">\n                    <p>21.M\u00e4rz 2023<\/p>\n                  <\/div>\n                <\/div>\n              <\/div>\n            <\/div>\n          <\/div>\n        <\/div>\n      <\/div>\n      <div data-colibri-id=\"6173-c9\" class=\"h-row-container gutters-row-lg-2 gutters-row-md-2 gutters-row-0 gutters-row-v-lg-2 gutters-row-v-md-2 gutters-row-v-2 style-5360 style-local-6173-c9 position-relative\">\n        <!---->\n        <div class=\"h-row justify-content-lg-center justify-content-md-center justify-content-center align-items-lg-stretch align-items-md-stretch align-items-stretch gutters-col-lg-2 gutters-col-md-2 gutters-col-0 gutters-col-v-lg-2 gutters-col-v-md-2 gutters-col-v-2\">\n          <!---->\n          <div class=\"h-column h-column-container d-flex h-col-lg-auto h-col-md-auto h-col-auto style-5361-outer style-local-6173-c10-outer\">\n            <div data-colibri-id=\"6173-c10\" class=\"d-flex h-flex-basis h-column__inner h-px-lg-2 h-px-md-2 h-px-2 v-inner-lg-2 v-inner-md-2 v-inner-2 style-5361 style-local-6173-c10 position-relative\">\n              <!---->\n              <!---->\n              <div class=\"w-100 h-y-container h-column__content h-column__v-align flex-basis-100 align-self-lg-start align-self-md-start align-self-start\">\n                <!---->\n                <div data-colibri-id=\"6173-c11\" class=\"h-text h-text-component style-5362 style-local-6173-c11 position-relative h-element\">\n                  <!---->\n                  <!---->\n                  <div class=\"\">\n                    <p>In Zeiten der Inflation kann es schwieriger sein, Kunden zu gewinnen, da die Kosten f\u00fcr Produkte und Dienstleistungen steigen und die Kaufkraft der Verbraucher sinkt. Kunden haben m\u00f6glicherweise weniger Geld zur Verf\u00fcgung um Produkte\n                      und Dienstleistungen zu erwerben oder sie sind m\u00f6glicherweise auch vorsichtiger mit ihren Ausgaben, um sich vor einer weiteren Verschlechterung ihrer wirtschaftlichen Verh\u00e4ltnisse zu sch\u00fctzen.<\/p>\n                    <p>Es gibt jedoch einige Strategien, die sie anwenden k\u00f6nnen, um Kunden auch in Zeiten der Inflation zu gewinnen:<\/p>\n                    <p><strong>Preisgestaltung<\/strong><\/p>\n                    <p>Sie k\u00f6nnen Ihre Preise senken um, wettbewerbsf\u00e4higer zu werden und Kunden anzulocken. Das ist allerdings schwierig, wenn die eigenen Kosten f\u00fcr den Einkauf, die Produktion und Lieferung steigen. Eine Alternative dazu ist es, die Preise\n                      stabil zu halten und vor allem damit zu werben. Weiterhin k\u00f6nnen Sie Angebote und Sonderaktionen anbieten, um Kunden zu motivieren ihre Produkte und Dienstleistungen auszuprobieren.<\/p>\n                    <p><strong>Kundenservice<\/strong><\/p>\n                    <p>Sie sollten sicherstellen dass sie einen exzellenten Kundenservice bieten um ihre Kundenbindung und die Kundenzufriedenheit zu steigern. Eine gute Kundenbetreuung tr\u00e4gt dazu bei, dass sich Kunden bei Ihrem Unternehmen wohl und gesch\u00e4tzt\n                      f\u00fchlen.<\/p>\n                    <p><strong>Marketing<\/strong><\/p>\n                    <p>In diesen Zeiten ist es noch wichtiger auf die Bed\u00fcrfnisse der Kunden einzugehen und dieses auch in den Marketingkampagnen zum Ausdruck zu bringen. Generell ist es so, dass in Zeiten der Inflation G\u00fcter und Dienstleistungen, die als\n                      notwendig oder essenziell angesehen werden, eine h\u00f6here Nachfrage erfahren, da die Verbraucher versuchen ihre Ausgaben zu optimieren und auf Dinge zu beschr\u00e4nken, die sie als unverzichtbar erachten.<\/p>\n                    <p><strong>Onlinepr\u00e4senz<\/strong><\/p>\n                    <p>Sp\u00e4testens jetzt wird es Zeit, online pr\u00e4sent zu sein. Nicht zwingend mit einem Onlineshop, aber jedoch mit Angeboten, auf die potenzielle Kunden in sozialen Medien oder \u00fcber eigene internetbasierende Kampagnen hingewiesen werden.\n                      Unser Response Button kann hierzu wertvolle Dienste leisten.<\/p>\n                    <p><strong>Diversifikation<\/strong><\/p>\n                    <p>Sie k\u00f6nnen ihre Angebote diversifizieren, um in Zeiten der Inflation ein breiteres Spektrum an Kunden anzusprechen. Dies ist sicherlich nicht leicht und nicht auf die Schnelle gemacht. Dabei kann es sinnvoll sein, neue Produkte und\n                      Dienstleistungen anzubieten oder in neue M\u00e4rkte zu expandieren, um das Gesch\u00e4ft zu diversifizieren, um dadurch die Abh\u00e4ngigkeit von einzelnen Produkten oder M\u00e4rkten zu reduzieren.<\/p>\n                  <\/div>\n                <\/div>\n                <div data-colibri-id=\"6173-c12\" class=\"h-x-container style-5363 style-local-6173-c12 position-relative h-element\">\n                  <!---->\n                  <div class=\"h-x-container-inner style-dynamic-6173-c12-group style-5363-spacing style-local-6173-c12-spacing\"><span class=\"h-button__outer style-3652-outer style-local-6173-c13-outer d-inline-flex h-element\"><a h-use-smooth-scroll=\"true\" href=\"https:\/\/digital-verkauf.de\/?page_id=2772\"  data-colibri-id=\"6173-c13\" class=\"d-flex w-100 align-items-center h-button justify-content-lg-center justify-content-md-center justify-content-center style-3652 style-local-6173-c13 position-relative\"><!----><!----> <span>Ja, ich m\u00f6chte gerne unverbindliche Vorschl\u00e4ge zur Kundengewinnung<\/span><\/a>\n                    <\/span>\n                  <\/div>\n                <\/div>\n              <\/div>\n            <\/div>\n          <\/div>\n        <\/div>\n      <\/div>\n    <\/div>\n  <\/div>\n<\/div>","protected":false},"excerpt":{"rendered":"<p>Kunden gewinnen in Zeiten der Inflation 21.M\u00e4rz 2023 In Zeiten der Inflation kann es schwieriger sein, Kunden zu gewinnen, da die Kosten f\u00fcr Produkte und Dienstleistungen steigen und die Kaufkraft der Verbraucher sinkt. Kunden haben m\u00f6glicherweise weniger Geld zur Verf\u00fcgung um Produkte und Dienstleistungen zu erwerben oder sie sind m\u00f6glicherweise auch vorsichtiger mit ihren Ausgaben, [&hellip;]<\/p>\n","protected":false},"author":1,"featured_media":0,"parent":34,"menu_order":3,"comment_status":"closed","ping_status":"closed","template":"page-templates\/homepage.php","meta":{"footnotes":""},"class_list":["post-6173","page","type-page","status-publish","hentry"],"_links":{"self":[{"href":"https:\/\/digital-verkauf.de\/index.php?rest_route=\/wp\/v2\/pages\/6173","targetHints":{"allow":["GET"]}}],"collection":[{"href":"https:\/\/digital-verkauf.de\/index.php?rest_route=\/wp\/v2\/pages"}],"about":[{"href":"https:\/\/digital-verkauf.de\/index.php?rest_route=\/wp\/v2\/types\/page"}],"author":[{"embeddable":true,"href":"https:\/\/digital-verkauf.de\/index.php?rest_route=\/wp\/v2\/users\/1"}],"replies":[{"embeddable":true,"href":"https:\/\/digital-verkauf.de\/index.php?rest_route=%2Fwp%2Fv2%2Fcomments&post=6173"}],"version-history":[{"count":6,"href":"https:\/\/digital-verkauf.de\/index.php?rest_route=\/wp\/v2\/pages\/6173\/revisions"}],"predecessor-version":[{"id":8577,"href":"https:\/\/digital-verkauf.de\/index.php?rest_route=\/wp\/v2\/pages\/6173\/revisions\/8577"}],"up":[{"embeddable":true,"href":"https:\/\/digital-verkauf.de\/index.php?rest_route=\/wp\/v2\/pages\/34"}],"wp:attachment":[{"href":"https:\/\/digital-verkauf.de\/index.php?rest_route=%2Fwp%2Fv2%2Fmedia&parent=6173"}],"curies":[{"name":"wp","href":"https:\/\/api.w.org\/{rel}","templated":true}]}}