{"id":6265,"date":"2023-03-24T10:58:08","date_gmt":"2023-03-24T09:58:08","guid":{"rendered":"https:\/\/digital-verkauf.de\/?page_id=6265"},"modified":"2023-08-22T13:19:50","modified_gmt":"2023-08-22T11:19:50","slug":"automatisierung-von-vertriebsprozessen","status":"publish","type":"page","link":"https:\/\/digital-verkauf.de\/?page_id=6265","title":{"rendered":"Automatisierung von Vertriebsprozessen"},"content":{"rendered":"<div data-colibri-id=\"6265-c1\" class=\"style-5454 style-local-6265-c1 position-relative\">\n  <!---->\n  <div data-colibri-component=\"section\" data-colibri-id=\"6265-c23\" id=\"content-2\" class=\"h-section h-section-global-spacing d-flex align-items-lg-center align-items-md-center align-items-center style-5476 style-local-6265-c23 position-relative\">\n    <!---->\n    <!---->\n    <div class=\"h-section-grid-container h-section-boxed-container\">\n      <!---->\n      <div data-colibri-id=\"6265-c24\" class=\"h-row-container gutters-row-lg-2 gutters-row-md-2 gutters-row-2 gutters-row-v-lg-2 gutters-row-v-md-2 gutters-row-v-2 style-5477 style-local-6265-c24 position-relative\">\n        <!---->\n        <div class=\"h-row justify-content-lg-center justify-content-md-center justify-content-center align-items-lg-stretch align-items-md-stretch align-items-stretch gutters-col-lg-2 gutters-col-md-2 gutters-col-2 gutters-col-v-lg-2 gutters-col-v-md-2 gutters-col-v-2\">\n          <!---->\n          <div class=\"h-column h-column-container d-flex h-col-lg-auto h-col-md-auto h-col-auto style-5478-outer style-local-6265-c25-outer\">\n            <div data-colibri-id=\"6265-c25\" class=\"d-flex h-flex-basis h-column__inner h-px-lg-0 h-px-md-2 h-px-0 v-inner-lg-0 v-inner-md-2 v-inner-0 style-5478 style-local-6265-c25 position-relative\">\n              <!---->\n              <!---->\n              <div class=\"w-100 h-y-container h-column__content h-column__v-align flex-basis-100 align-self-lg-center align-self-md-center align-self-center\">\n                <!---->\n                <div data-colibri-id=\"6265-c26\" class=\"d-block style-5479 style-local-6265-c26 position-relative h-element\">\n                  <!---->\n                  <div class=\"h-image__frame-container-outer\">\n                    <div class=\"h-image__frame-container\">\n                      <!---->\n                      <!---->\n                      <img loading=\"lazy\" decoding=\"async\" width=\"1920\" height=\"1280\" src=\"https:\/\/digital-verkauf.de\/wp-content\/uploads\/2023\/03\/gears-4126485_1920.jpg\" class=\"wp-image-6269 style-5479-image style-local-6265-c26-image\" alt=\"\" srcset=\"https:\/\/digital-verkauf.de\/wp-content\/uploads\/2023\/03\/gears-4126485_1920.jpg 1920w, https:\/\/digital-verkauf.de\/wp-content\/uploads\/2023\/03\/gears-4126485_1920-300x200.jpg 300w, https:\/\/digital-verkauf.de\/wp-content\/uploads\/2023\/03\/gears-4126485_1920-1024x683.jpg 1024w, https:\/\/digital-verkauf.de\/wp-content\/uploads\/2023\/03\/gears-4126485_1920-768x512.jpg 768w, https:\/\/digital-verkauf.de\/wp-content\/uploads\/2023\/03\/gears-4126485_1920-1536x1024.jpg 1536w\" sizes=\"auto, (max-width: 1920px) 100vw, 1920px\" \/>\n                      <div class=\"h-image__frame h-hide-sm style-5479-frameImage style-local-6265-c26-frameImage\"><\/div>\n                    <\/div>\n                  <\/div>\n                <\/div>\n              <\/div>\n            <\/div>\n          <\/div>\n          <div class=\"h-column h-column-container d-flex h-col-lg-auto h-col-md-auto h-col-auto style-5480-outer style-local-6265-c27-outer\">\n            <div data-colibri-id=\"6265-c27\" class=\"d-flex h-flex-basis h-column__inner h-px-lg-0 h-px-md-0 h-px-2 v-inner-lg-0 v-inner-md-0 v-inner-2 style-5480 style-local-6265-c27 position-relative\">\n              <!---->\n              <!---->\n              <div class=\"w-100 h-y-container h-column__content h-column__v-align flex-basis-100 align-self-lg-center align-self-md-center align-self-center\">\n                <!---->\n                <div data-colibri-id=\"6265-c28\" class=\"h-global-transition-all h-heading style-5481 style-local-6265-c28 position-relative h-element\">\n                  <!---->\n                  <div class=\"h-heading__outer style-5481 style-local-6265-c28\">\n                    <!---->\n                    <!---->\n                    <h3 class=\"\">Automatisierung von Vertriebsprozessen<\/h3>\n                  <\/div>\n                <\/div>\n                <div data-colibri-id=\"6265-c29\" class=\"h-text h-text-component style-5482 style-local-6265-c29 position-relative h-element\">\n                  <!---->\n                  <!---->\n                  <div class=\"\">\n                    <p>23.M\u00e4rz 2023<\/p>\n                  <\/div>\n                <\/div>\n              <\/div>\n            <\/div>\n          <\/div>\n        <\/div>\n      <\/div>\n      <div data-colibri-id=\"6265-c30\" class=\"h-row-container gutters-row-lg-2 gutters-row-md-2 gutters-row-0 gutters-row-v-lg-2 gutters-row-v-md-2 gutters-row-v-2 style-5483 style-local-6265-c30 position-relative\">\n        <!---->\n        <div class=\"h-row justify-content-lg-center justify-content-md-center justify-content-center align-items-lg-stretch align-items-md-stretch align-items-stretch gutters-col-lg-2 gutters-col-md-2 gutters-col-0 gutters-col-v-lg-2 gutters-col-v-md-2 gutters-col-v-2\">\n          <!---->\n          <div class=\"h-column h-column-container d-flex h-col-lg-auto h-col-md-auto h-col-auto style-5484-outer style-local-6265-c31-outer\">\n            <div data-colibri-id=\"6265-c31\" class=\"d-flex h-flex-basis h-column__inner h-px-lg-2 h-px-md-2 h-px-2 v-inner-lg-2 v-inner-md-2 v-inner-2 style-5484 style-local-6265-c31 position-relative\">\n              <!---->\n              <!---->\n              <div class=\"w-100 h-y-container h-column__content h-column__v-align flex-basis-100 align-self-lg-start align-self-md-start align-self-start\">\n                <!---->\n                <div data-colibri-id=\"6265-c32\" class=\"h-text h-text-component style-5485 style-local-6265-c32 position-relative h-element\">\n                  <!---->\n                  <!---->\n                  <div class=\"\">\n                    <p>Die Automatisierung von Vertriebsprozessen ist ein zentraler Bestandteil moderner Vertriebsstrategien und wird von vielen Unternehmen als Schl\u00fcssel zum Erfolg angesehen. Durch den Einsatz von geeigneten Tools und Softwarel\u00f6sungen k\u00f6nnen\n                      Vertriebsprozesse automatisiert und dadurch effizienter, schneller und fehlerfreier gestaltet werden. Das Resultat sind in der Regel eine h\u00f6here Kundenzufriedenheit, gesteigerte Ums\u00e4tze und eine bessere Ausnutzung der Ressourcen\n                      im Unternehmen.<\/p>\n                    <p>Im Zuge der Digitalisierung gewinnt die Automatisierung von Vertriebsprozessen immer mehr an Bedeutung. Insbesondere im B2B-Bereich, in dem komplexe Vertriebsprozesse und lange Entscheidungswege typisch sind, bietet die Vertriebsautomatisierung\n                      enorme Potenziale.<\/p>\n                    <p>Im Folgenden werden wir uns eingehender mit dem Themen <span style=\"font-weight: 600;\">Leadgenerierung und -qualifizierung<\/span>,&nbsp;<span style=\"font-weight: 600;\">Angebots- und Vertragsmanagement <\/span>sowie <span style=\"font-weight: 600;\">Kundenbetreuung und -bindung<\/span>                      auseinandersetzen.<\/p>\n                  <\/div>\n                <\/div>\n                <div data-colibri-component=\"tabs\" data-colibri-id=\"6265-c33\" class=\"h-tabs h-tabs-vertical h-tabs--vertical--auto-lg h-tabs--vertical--auto-md h-tabs--vertical--full h-tabs h-tabs-vertical h-tabs--vertical--auto-lg h-tabs--vertical--auto-md h-tabs--vertical--full style-5504 style-local-6265-c33 position-relative h-element\">\n                  <!---->\n                  <div class=\"h-tabs-navigation d-flex h-tabs-navigation-vertical\">\n                    <a href=\"#leadgenerierung-und-qualifizierung\" class=\"h-tabs-navigation-item d-flex align-items-center h-global-transition h-tabs-navigation-active-item h-custom-active-state\" rel=\"#leadgenerierung-und-qualifizierung\">\n                      <!----><span class=\"h-tabs-navigation-item__text\">Leadgenerierung und -qualifizierung<\/span><\/a>\n                    <a href=\"#angebots-und-vertragsmanagement\" class=\"h-tabs-navigation-item d-flex align-items-center h-global-transition\" rel=\"#angebots-und-vertragsmanagement\">\n                      <!----><span class=\"h-tabs-navigation-item__text\"> Angebots- und Vertragsmanagement<\/span><\/a>\n                    <a href=\"#kundenbetreuung-und-bindung\" class=\"h-tabs-navigation-item d-flex align-items-center h-global-transition\" rel=\"#kundenbetreuung-und-bindung\">\n                      <!----><span class=\"h-tabs-navigation-item__text\">Kundenbetreuung und -bindung<\/span><\/a>\n                  <\/div>\n                  <div id=\"leadgenerierung-und-qualifizierung\" skip-smooth-scroll=\"true\" skip-scroll-spy=\"true\" data-colibri-id=\"6265-c34\" class=\"h-tabs-item-content h-tabs-item h-tabs-content-vertical h-tabs-content-6265-c34 style-5505 style-local-6265-c34 position-relative h-element h-tabs-content-active\">\n                    <!---->\n                    <div class=\"w-100 h-y-container\">\n                      <!---->\n                      <div data-colibri-id=\"6265-c35\" class=\"d-block style-5511 style-local-6265-c35 position-relative h-element\">\n                        <!---->\n                        <div class=\"h-image__frame-container-outer\">\n                          <div class=\"h-image__frame-container\">\n                            <!---->\n                            <!---->\n                            <img decoding=\"async\" src=\"https:\/\/digital-verkauf.de\/wp-content\/uploads\/2023\/03\/binary-2728121_1920-300x165.jpg\" class=\"style-5511-image style-local-6265-c35-image\">\n                            <div class=\"h-image__frame h-hide-lg h-hide-md h-hide-sm style-5511-frameImage style-local-6265-c35-frameImage\"><\/div>\n                          <\/div>\n                        <\/div>\n                      <\/div>\n                      <div data-colibri-id=\"6265-c36\" class=\"h-text h-text-component style-5506 style-local-6265-c36 position-relative h-element\">\n                        <!---->\n                        <!---->\n                        <div class=\"\">\n                          <p>Die Automatisierung von Vertriebsprozessen f\u00fchrt zu einer besseren Effizienz und Skalierbarkeit, da sie es Vertriebsteams erm\u00f6glicht, sich auf die wichtigsten Aufgaben zu konzentrieren und die manuellen Prozesse zu minimieren.\n                            Dabei ist jedoch zu beachten, dass die Automatisierung nur ein Werkzeug ist und nicht alle Aspekte des Vertriebsprozesses abdecken kann. Eine menschliche Interaktion und pers\u00f6nliche Ansprache bleibt weiterhin wichtig, um eine\n                            erfolgreiche Kundenbeziehung aufzubauen.<\/p>\n                          <ol>\n                            <li><span style=\"font-weight: 600;\">Leadgenerierung: <\/span>Automatisierte Marketingkampagnen, beispielsweise \u00fcber Social Media, E-Mail-Marketing oder Suchmaschinenmarketing, k\u00f6nnen potenzielle Kunden ansprechen und auf Ihre Produkte\n                              oder Dienstleistungen aufmerksam machen. Hierbei k\u00f6nnen auch Chatbots oder Landing Pages zum Einsatz kommen, die Interessenten automatisch ansprechen und ihre Kontaktdaten sammeln.<\/li>\n                            <li><span style=\"font-weight: 600;\">Leadqualifizierung: <\/span>Durch die Integration von Customer Relationship Management (CRM)-Systemen k\u00f6nnen automatisierte Workflows eingerichtet werden, die potenzielle Kunden nach bestimmten\n                              Kriterien bewerten und entsprechend klassifizieren. Dies kann aufgrund von Verhaltensweisen, Interessen, Demografie oder anderen Faktoren erfolgen.<\/li>\n                            <li><span style=\"font-weight: 600;\">Follow-up: <\/span>Automatisierte E-Mail-Sequenzen k\u00f6nnen genutzt werden, um potenzielle Kunden nach dem ersten Kontakt zu qualifizieren und ihnen Informationen \u00fcber Ihre Produkte oder Dienstleistungen\n                              zukommen zu lassen. Dies kann auch als automatisierte Verkaufstrichter bezeichnet werden, bei dem Interessenten durch vordefinierte Phasen gef\u00fchrt werden, bis sie schlie\u00dflich als qualifizierte Leads an das Vertriebsteam \u00fcbergeben\n                              werden.<\/li>\n                          <\/ol>\n                          <p><span style=\"font-weight: 600;\">Leadscoring:<\/span> Durch die Nutzung von K\u00fcnstlicher Intelligenz (KI) und Machine Learning (ML) k\u00f6nnen automatisierte Systeme genutzt werden, um potenzielle Kunden anhand von Verhaltensweisen\n                            und Interaktionen mit Ihrer Marke zu bewerten und zu bewerten, welche am ehesten zu einem Kaufabschluss f\u00fchren werden. Dies erm\u00f6glicht es dem Vertriebsteam, sich auf die wichtigsten Leads zu konzentrieren und die Conversion-Rate\n                            zu maximieren.<\/p>\n                        <\/div>\n                      <\/div>\n                    <\/div>\n                  <\/div>\n                  <div id=\"angebots-und-vertragsmanagement\" skip-smooth-scroll=\"true\" skip-scroll-spy=\"true\" data-colibri-id=\"6265-c37\" class=\"h-tabs-item-content h-tabs-item h-tabs-content-vertical h-tabs-content-6265-c37 style-5507 style-local-6265-c37 position-relative h-element hide\">\n                    <!---->\n                    <div class=\"w-100 h-y-container\">\n                      <!---->\n                      <div data-colibri-id=\"6265-c38\" class=\"d-block style-5512 style-local-6265-c38 position-relative h-element\">\n                        <!---->\n                        <div class=\"h-image__frame-container-outer\">\n                          <div class=\"h-image__frame-container\">\n                            <!---->\n                            <!---->\n                            <img decoding=\"async\" src=\"https:\/\/digital-verkauf.de\/wp-content\/uploads\/2023\/03\/agreement-6472600_1920-300x200.jpg\" class=\"style-5512-image style-local-6265-c38-image\">\n                            <div class=\"h-image__frame h-hide-lg h-hide-md h-hide-sm style-5512-frameImage style-local-6265-c38-frameImage\"><\/div>\n                          <\/div>\n                        <\/div>\n                      <\/div>\n                      <div data-colibri-id=\"6265-c39\" class=\"h-text h-text-component style-5508 style-local-6265-c39 position-relative h-element\">\n                        <!---->\n                        <!---->\n                        <div class=\"\">\n                          <ol>\n                            <li><span style=\"font-weight: 600;\">Angebotsmanagement:<\/span> Automatisierte Systeme k\u00f6nnen genutzt werden, um Angebote zu generieren und Kunden automatisch personalisierte Angebote auf Basis ihrer Bed\u00fcrfnisse und Pr\u00e4ferenzen\n                              zu unterbreiten. Dies kann dazu beitragen, den Vertriebsprozess zu beschleunigen und den Aufwand f\u00fcr manuelle Angebotsprozesse zu reduzieren.<\/li>\n                            <li><span style=\"font-weight: 600;\">Vertragsmanagement:<\/span> Durch die Integration von Workflow-Management-Systemen k\u00f6nnen Vertr\u00e4ge automatisch erstellt, genehmigt und unterzeichnet werden. Dies kann den manuellen Aufwand im\n                              Vertragsmanagement erheblich reduzieren und die Prozesszeiten verk\u00fcrzen.<\/li>\n                            <li><span style=\"font-weight: 600;\">E-Signaturen: <\/span>Die Implementierung von E-Signaturen in den Vertriebsprozess kann dazu beitragen, den Papierkram zu reduzieren und den Abschluss von Vertr\u00e4gen zu beschleunigen. Mit E-Signaturen\n                              k\u00f6nnen Vertr\u00e4ge von Kunden online unterzeichnet werden, was den Prozess beschleunigt und die Genauigkeit und Effizienz verbessert.<\/li>\n                            <li><span style=\"font-weight: 600;\">Integration von CRM-Systemen:<\/span> Die Integration von Customer Relationship Management (CRM)-Systemen in den Vertriebsprozess kann den Prozess des Angebots- und Vertragsmanagements automatisieren\n                              und den Vertriebsteams dabei helfen, Kundeninteraktionen und -informationen zu verfolgen und effektiv zu nutzen.<\/li>\n                          <\/ol>\n                          <p>Die Automatisierung von Angebots- und Vertragsmanagement f\u00fchrt zu einer h\u00f6heren Effizienz und Genauigkeit, da sie es dem Vertriebsteam erm\u00f6glicht, sich auf die wichtigsten Aufgaben zu konzentrieren und manuelle Prozesse zu minimieren.\n                            Dar\u00fcber hinaus kann es dazu beitragen, Fehler zu reduzieren, die Effizienz zu steigern und die Kundenzufriedenheit zu erh\u00f6hen. Dabei ist jedoch zu beachten, dass die Automatisierung nur ein Werkzeug ist und die Bedeutung einer\n                            pers\u00f6nlichen Ansprache und einer menschlichen Interaktion nicht ersetzen kann.<\/p>\n                        <\/div>\n                      <\/div>\n                    <\/div>\n                  <\/div>\n                  <div id=\"kundenbetreuung-und-bindung\" skip-smooth-scroll=\"true\" skip-scroll-spy=\"true\" data-colibri-id=\"6265-c40\" class=\"h-tabs-item-content h-tabs-item h-tabs-content-vertical h-tabs-content-6265-c40 style-5509 style-local-6265-c40 position-relative h-element hide\">\n                    <!---->\n                    <div class=\"w-100 h-y-container\">\n                      <!---->\n                      <div data-colibri-id=\"6265-c41\" class=\"d-block style-5513 style-local-6265-c41 position-relative h-element\">\n                        <!---->\n                        <div class=\"h-image__frame-container-outer\">\n                          <div class=\"h-image__frame-container\">\n                            <!---->\n                            <!---->\n                            <img decoding=\"async\" src=\"https:\/\/digital-verkauf.de\/wp-content\/uploads\/2023\/03\/mark-804938_1920-300x212.jpg\" class=\"style-5513-image style-local-6265-c41-image\">\n                            <div class=\"h-image__frame h-hide-lg h-hide-md h-hide-sm style-5513-frameImage style-local-6265-c41-frameImage\"><\/div>\n                          <\/div>\n                        <\/div>\n                      <\/div>\n                      <div data-colibri-id=\"6265-c42\" class=\"h-text h-text-component style-5510 style-local-6265-c42 position-relative h-element\">\n                        <!---->\n                        <!---->\n                        <div class=\"\">\n                          <p>Die Automatisierung von Kundenbetreuung und -bindung tr\u00e4gt dazu bei, die Kundenbeziehungen zu st\u00e4rken, die Kundenzufriedenheit zu erh\u00f6hen und den Umsatz zu steigern. Dabei ist jedoch zu beachten, dass die Automatisierung nur\n                            ein Werkzeug ist und nicht alle Aspekte der Kundenbetreuung abdecken kann. Eine menschliche Interaktion und eine pers\u00f6nliche Ansprache bleiben wichtig, um eine erfolgreiche Kundenbeziehung aufzubauen und aufrechtzuerhalten.<\/p>\n                          <ol>\n                            <li><span style=\"font-weight: 600;\">Kundensupport:<\/span> Automatisierte Chatbots und Support-Tickets k\u00f6nnen genutzt werden, um Kundenfragen und -probleme schnell und effizient zu l\u00f6sen. Chatbots k\u00f6nnen beispielsweise h\u00e4ufig gestellte\n                              Fragen beantworten, w\u00e4hrend Support-Tickets automatisch eskalieren und an entsprechende Teams weiterleiten k\u00f6nnen.<\/li>\n                            <li><span style=\"font-weight: 600;\">Personalisierte Kundenkommunikation<\/span>: Durch die Nutzung von Marketing-Automatisierung k\u00f6nnen personalisierte E-Mails und Nachrichten an Kunden versendet werden. Hierbei k\u00f6nnen Informationen\n                              \u00fcber Kundenpr\u00e4ferenzen, Interessen und Kaufverhalten genutzt werden, um personalisierte Angebote und Empfehlungen zu generieren.<\/li>\n                            <li><span style=\"font-weight: 600;\">Kundenfeedback:<\/span> Automatisierte Umfragen und Bewertungen k\u00f6nnen genutzt werden, um Feedback von Kunden einzuholen und die Kundenzufriedenheit zu verbessern. Diese Informationen k\u00f6nnen genutzt\n                              werden, um Produkte und Dienstleistungen zu verbessern und eine personalisierte Kundenbetreuung zu bieten.<\/li>\n                            <li><span style=\"font-weight: 600;\">Loyalty-Programme:<\/span> Automatisierte Loyalty-Programme k\u00f6nnen genutzt werden, um Kunden zu belohnen und die Kundenbindung zu st\u00e4rken. Hierbei k\u00f6nnen Kundenpunkte sammeln und diese gegen Rabatte,\n                              Geschenke oder andere Vorteile einl\u00f6sen.<\/li>\n                          <\/ol>\n                          <p>\n                            <br>\n                          <\/p>\n                        <\/div>\n                      <\/div>\n                    <\/div>\n                  <\/div>\n                <\/div>\n                <div data-colibri-id=\"6265-c43\" class=\"h-x-container style-5486 style-local-6265-c43 position-relative h-element\">\n                  <!---->\n                  <div class=\"h-x-container-inner style-dynamic-6265-c43-group style-5486-spacing style-local-6265-c43-spacing\"><span class=\"h-button__outer style-5487-outer style-local-6265-c44-outer d-inline-flex h-element\"><a h-use-smooth-scroll=\"true\" href=\"https:\/\/digital-verkauf.de\/?page_id=2772\"  data-colibri-id=\"6265-c44\" class=\"d-flex w-100 align-items-center h-button justify-content-lg-center justify-content-md-center justify-content-center style-5487 style-local-6265-c44 position-relative\"><!----><!----> <span>Ja, ich m\u00f6chte mehr Informationen zur Automatiersierung von Vertriebsprozessen<\/span><\/a>\n                    <\/span>\n                  <\/div>\n                <\/div>\n              <\/div>\n            <\/div>\n          <\/div>\n        <\/div>\n      <\/div>\n    <\/div>\n  <\/div>\n<\/div>","protected":false},"excerpt":{"rendered":"<p>Automatisierung von Vertriebsprozessen 23.M\u00e4rz 2023 Die Automatisierung von Vertriebsprozessen ist ein zentraler Bestandteil moderner Vertriebsstrategien und wird von vielen Unternehmen als Schl\u00fcssel zum Erfolg angesehen. Durch den Einsatz von geeigneten Tools und Softwarel\u00f6sungen k\u00f6nnen Vertriebsprozesse automatisiert und dadurch effizienter, schneller und fehlerfreier gestaltet werden. Das Resultat sind in der Regel eine h\u00f6here Kundenzufriedenheit, gesteigerte Ums\u00e4tze [&hellip;]<\/p>\n","protected":false},"author":1,"featured_media":0,"parent":34,"menu_order":3,"comment_status":"closed","ping_status":"closed","template":"page-templates\/homepage.php","meta":{"footnotes":""},"class_list":["post-6265","page","type-page","status-publish","hentry"],"_links":{"self":[{"href":"https:\/\/digital-verkauf.de\/index.php?rest_route=\/wp\/v2\/pages\/6265","targetHints":{"allow":["GET"]}}],"collection":[{"href":"https:\/\/digital-verkauf.de\/index.php?rest_route=\/wp\/v2\/pages"}],"about":[{"href":"https:\/\/digital-verkauf.de\/index.php?rest_route=\/wp\/v2\/types\/page"}],"author":[{"embeddable":true,"href":"https:\/\/digital-verkauf.de\/index.php?rest_route=\/wp\/v2\/users\/1"}],"replies":[{"embeddable":true,"href":"https:\/\/digital-verkauf.de\/index.php?rest_route=%2Fwp%2Fv2%2Fcomments&post=6265"}],"version-history":[{"count":10,"href":"https:\/\/digital-verkauf.de\/index.php?rest_route=\/wp\/v2\/pages\/6265\/revisions"}],"predecessor-version":[{"id":8570,"href":"https:\/\/digital-verkauf.de\/index.php?rest_route=\/wp\/v2\/pages\/6265\/revisions\/8570"}],"up":[{"embeddable":true,"href":"https:\/\/digital-verkauf.de\/index.php?rest_route=\/wp\/v2\/pages\/34"}],"wp:attachment":[{"href":"https:\/\/digital-verkauf.de\/index.php?rest_route=%2Fwp%2Fv2%2Fmedia&parent=6265"}],"curies":[{"name":"wp","href":"https:\/\/api.w.org\/{rel}","templated":true}]}}