{"id":6489,"date":"2023-04-11T18:23:45","date_gmt":"2023-04-11T16:23:45","guid":{"rendered":"https:\/\/digital-verkauf.de\/?page_id=6489"},"modified":"2023-08-22T13:32:59","modified_gmt":"2023-08-22T11:32:59","slug":"block-vorlage-3","status":"publish","type":"page","link":"https:\/\/digital-verkauf.de\/?page_id=6489","title":{"rendered":"Kunden gewinnen, betreuen und Ums\u00e4tze steigern mit einem Newsletter"},"content":{"rendered":"<div data-colibri-id=\"6489-c1\" class=\"style-5810 style-local-6489-c1 position-relative\">\n  <!---->\n  <div data-colibri-component=\"section\" data-colibri-id=\"6489-c23\" id=\"content-2\" class=\"h-section h-section-global-spacing d-flex align-items-lg-center align-items-md-center align-items-center style-5832 style-local-6489-c23 position-relative\">\n    <!---->\n    <!---->\n    <div class=\"h-section-grid-container h-section-boxed-container\">\n      <!---->\n      <div data-colibri-id=\"6489-c24\" class=\"h-row-container gutters-row-lg-2 gutters-row-md-2 gutters-row-2 gutters-row-v-lg-2 gutters-row-v-md-2 gutters-row-v-2 style-5833 style-local-6489-c24 position-relative\">\n        <!---->\n        <div class=\"h-row justify-content-lg-center justify-content-md-center justify-content-center align-items-lg-stretch align-items-md-stretch align-items-stretch gutters-col-lg-2 gutters-col-md-2 gutters-col-2 gutters-col-v-lg-2 gutters-col-v-md-2 gutters-col-v-2\">\n          <!---->\n          <div class=\"h-column h-column-container d-flex h-col-lg-auto h-col-md-auto h-col-auto style-5834-outer style-local-6489-c25-outer\">\n            <div data-colibri-id=\"6489-c25\" class=\"d-flex h-flex-basis h-column__inner h-px-lg-0 h-px-md-2 h-px-0 v-inner-lg-0 v-inner-md-2 v-inner-0 style-5834 style-local-6489-c25 position-relative\">\n              <!---->\n              <!---->\n              <div class=\"w-100 h-y-container h-column__content h-column__v-align flex-basis-100 align-self-lg-center align-self-md-center align-self-center\">\n                <!---->\n                <div data-colibri-id=\"6489-c26\" class=\"d-block style-5835 style-local-6489-c26 position-relative h-element\">\n                  <!---->\n                  <div class=\"h-image__frame-container-outer\">\n                    <div class=\"h-image__frame-container\">\n                      <!---->\n                      <!---->\n                      <img loading=\"lazy\" decoding=\"async\" width=\"1920\" height=\"1275\" src=\"https:\/\/digital-verkauf.de\/wp-content\/uploads\/2023\/04\/newsletter-2123473_1920.jpg\" class=\"wp-image-6492 style-5835-image style-local-6489-c26-image\" alt=\"\" srcset=\"https:\/\/digital-verkauf.de\/wp-content\/uploads\/2023\/04\/newsletter-2123473_1920.jpg 1920w, https:\/\/digital-verkauf.de\/wp-content\/uploads\/2023\/04\/newsletter-2123473_1920-300x199.jpg 300w, https:\/\/digital-verkauf.de\/wp-content\/uploads\/2023\/04\/newsletter-2123473_1920-1024x680.jpg 1024w, https:\/\/digital-verkauf.de\/wp-content\/uploads\/2023\/04\/newsletter-2123473_1920-768x510.jpg 768w, https:\/\/digital-verkauf.de\/wp-content\/uploads\/2023\/04\/newsletter-2123473_1920-1536x1020.jpg 1536w\" sizes=\"auto, (max-width: 1920px) 100vw, 1920px\" \/>\n                      <div class=\"h-image__frame h-hide-sm style-5835-frameImage style-local-6489-c26-frameImage\"><\/div>\n                    <\/div>\n                  <\/div>\n                <\/div>\n              <\/div>\n            <\/div>\n          <\/div>\n          <div class=\"h-column h-column-container d-flex h-col-lg-auto h-col-md-auto h-col-auto style-5836-outer style-local-6489-c27-outer\">\n            <div data-colibri-id=\"6489-c27\" class=\"d-flex h-flex-basis h-column__inner h-px-lg-0 h-px-md-0 h-px-2 v-inner-lg-0 v-inner-md-0 v-inner-2 style-5836 style-local-6489-c27 position-relative\">\n              <!---->\n              <!---->\n              <div class=\"w-100 h-y-container h-column__content h-column__v-align flex-basis-100 align-self-lg-center align-self-md-center align-self-center\">\n                <!---->\n                <div data-colibri-id=\"6489-c28\" class=\"h-global-transition-all h-heading style-5857 style-local-6489-c28 position-relative h-element\">\n                  <!---->\n                  <div class=\"h-heading__outer style-5857 style-local-6489-c28\">\n                    <!---->\n                    <!---->\n                    <h1 class=\"\">Serie<\/h1>\n                  <\/div>\n                <\/div>\n                <div data-colibri-id=\"6489-c29\" class=\"h-global-transition-all h-heading style-5837 style-local-6489-c29 position-relative h-element\">\n                  <!---->\n                  <div class=\"h-heading__outer style-5837 style-local-6489-c29\">\n                    <!---->\n                    <!---->\n                    <h4 class=\"\">Kunden gewinnen, betreuen und Ums\u00e4tze steigern mit einem Newsletter -Teil 1<\/h4>\n                  <\/div>\n                <\/div>\n                <div data-colibri-id=\"6489-c30\" class=\"h-text h-text-component style-5838 style-local-6489-c30 position-relative h-element\">\n                  <!---->\n                  <!---->\n                  <div class=\"\">\n                    <p>11.April 2023<\/p>\n                  <\/div>\n                <\/div>\n              <\/div>\n            <\/div>\n          <\/div>\n        <\/div>\n      <\/div>\n      <div data-colibri-id=\"6489-c31\" class=\"h-row-container gutters-row-lg-2 gutters-row-md-2 gutters-row-0 gutters-row-v-lg-2 gutters-row-v-md-2 gutters-row-v-2 style-5854 style-local-6489-c31 position-relative\">\n        <!---->\n        <div class=\"h-row justify-content-lg-center justify-content-md-center justify-content-center align-items-lg-stretch align-items-md-stretch align-items-stretch gutters-col-lg-2 gutters-col-md-2 gutters-col-0 gutters-col-v-lg-2 gutters-col-v-md-2 gutters-col-v-2\">\n          <!---->\n          <div class=\"h-column h-column-container d-flex h-col-lg-auto h-col-md-auto h-col-auto style-5855-outer style-local-6489-c32-outer\">\n            <div data-colibri-id=\"6489-c32\" class=\"d-flex h-flex-basis h-column__inner h-px-lg-2 h-px-md-2 h-px-2 v-inner-lg-2 v-inner-md-2 v-inner-2 style-5855 style-local-6489-c32 position-relative\">\n              <!---->\n              <!---->\n              <div class=\"w-100 h-y-container h-column__content h-column__v-align flex-basis-100 align-self-lg-start align-self-md-start align-self-start\">\n                <!---->\n                <div data-colibri-id=\"6489-c33\" class=\"h-text h-text-component style-5856 style-local-6489-c33 position-relative h-element\">\n                  <!---->\n                  <!---->\n                  <div class=\"\">\n                    <p><strong style=\"font-weight: 700;\">11.04.2023: Teil 1 Bedeutung von Newslettern f\u00fcr Unternehmen \/\/ Definitionen und Arten von Newslettern<\/strong><\/p>\n                    <p>13.04.2023: Teil 2 Vorteile eines Newsletters f\u00fcr Unternehmen\n                      <a href=\"https:\/\/digital-verkauf.de?page_id=6524\">(Direkt zum 2.Teil)<\/a>\n                    <\/p>\n                    <p>15.04.2023: Teil 3 Aufbau eines Newsletters (\n                      <a href=\"https:\/\/digital-verkauf.de?page_id=6657\">Direkt zum 3.Teil<\/a>)<\/p>\n                    <p>17.04.2023: Teil 4 Inhalte eines Newsletters (\n                      <a href=\"https:\/\/digital-verkauf.de?page_id=6766\">Direkt zum 4.Teil<\/a>)<\/p>\n                    <p>19.04.2023: Teil 5 Faktoren f\u00fcr einen erfolgreichen Newsletter (\n                      <a href=\"https:\/\/digital-verkauf.de?page_id=6827\">Direkt zum 5.Teil<\/a>)<\/p>\n                    <p>21.04.2023: Teil 6 Rechtliche Aspekte von Newslettern (\n                      <a href=\"https:\/\/digital-verkauf.de?page_id=6873\">Direkt zum 6.Teil<\/a>)<\/p>\n                    <p>23.04.2023: Teil 7 Gewinnung von Abonnenten \/\/ Fazit und Ausblick (\n                      <a href=\"https:\/\/digital-verkauf.de?page_id=6972\">Direkt zum 7.Teil<\/a>)<\/p>\n                  <\/div>\n                <\/div>\n              <\/div>\n            <\/div>\n          <\/div>\n        <\/div>\n      <\/div>\n      <div data-colibri-id=\"6489-c34\" class=\"h-row-container gutters-row-lg-2 gutters-row-md-2 gutters-row-0 gutters-row-v-lg-2 gutters-row-v-md-2 gutters-row-v-2 style-5840 style-local-6489-c34 position-relative\">\n        <!---->\n        <div class=\"h-row justify-content-lg-center justify-content-md-center justify-content-center align-items-lg-stretch align-items-md-stretch align-items-stretch gutters-col-lg-2 gutters-col-md-2 gutters-col-0 gutters-col-v-lg-2 gutters-col-v-md-2 gutters-col-v-2\">\n          <!---->\n          <div class=\"h-column h-column-container d-flex h-col-lg-auto h-col-md-auto h-col-auto style-5841-outer style-local-6489-c35-outer\">\n            <div data-colibri-id=\"6489-c35\" class=\"d-flex h-flex-basis h-column__inner h-px-lg-2 h-px-md-2 h-px-2 v-inner-lg-2 v-inner-md-2 v-inner-2 style-5841 style-local-6489-c35 position-relative\">\n              <!---->\n              <!---->\n              <div class=\"w-100 h-y-container h-column__content h-column__v-align flex-basis-100 align-self-lg-start align-self-md-start align-self-start\">\n                <!---->\n                <div data-colibri-id=\"6489-c36\" class=\"h-text h-text-component style-5842 style-local-6489-c36 position-relative h-element\">\n                  <!---->\n                  <!---->\n                  <div class=\"\">\n                    <p><strong>Bedeutung von Newslettern f\u00fcr Unternehmen und Organisationen<\/strong><\/p>\n                    <p>Die Bedeutung von Newslettern f\u00fcr Unternehmen und Organisationen ist vielf\u00e4ltig. Im Folgenden sind einige wichtige Aspekte aufgef\u00fchrt:<\/p>\n                    <ol>\n                      <li><span style=\"font-weight: 600;\">Kundenbindung<\/span>: Durch regelm\u00e4\u00dfige Newsletter k\u00f6nnen Unternehmen und Organisationen eine enge Bindung zu ihren Kunden aufbauen und diese \u00fcber Neuigkeiten, Angebote und Aktionen informieren.<\/li>\n                      <li><span style=\"font-weight: 600;\">Informationsvermittlung: <\/span>Newsletter k\u00f6nnen genutzt werden, um aktuelle Informationen \u00fcber Produkte, Dienstleistungen, Events oder andere relevante Themen zu kommunizieren. Dadurch k\u00f6nnen Unternehmen\n                        und Organisationen ihre Kunden auf dem Laufenden halten und ihnen einen Mehrwert bieten.<\/li>\n                      <li><span style=\"font-weight: 600;\">Traffic-Generierung:<\/span> Durch Verlinkungen in Newslettern k\u00f6nnen Unternehmen und Organisationen den Traffic auf ihrer Website erh\u00f6hen und dadurch potenzielle Kunden erreichen.<\/li>\n                      <li><span style=\"font-weight: 600;\">Umsatzsteigerung: <\/span>Durch gezielte Angebote und Aktionen in Newslettern k\u00f6nnen Unternehmen und Organisationen den Umsatz steigern und zus\u00e4tzliche Verk\u00e4ufe generieren.<\/li>\n                      <li><span style=\"font-weight: 600;\">Imagepflege: <\/span>Indem Unternehmen und Organisationen ihre Kunden regelm\u00e4\u00dfig \u00fcber Neuigkeiten und Entwicklungen informieren, k\u00f6nnen sie ihr Image verbessern und Vertrauen aufbauen.<\/li>\n                    <\/ol>\n                    <p>Zusammenfassend l\u00e4sst sich sagen, dass Newsletter ein wichtiges Instrument f\u00fcr die Kundenkommunikation und das Marketing von Unternehmen und Organisationen darstellen. Sie bieten zahlreiche M\u00f6glichkeiten zur Kundenbindung, Informationsvermittlung,\n                      Traffic-Generierung, Umsatzsteigerung und Imagepflege.<\/p>\n                  <\/div>\n                <\/div>\n              <\/div>\n            <\/div>\n          <\/div>\n        <\/div>\n      <\/div>\n    <\/div>\n  <\/div>\n  <div data-colibri-component=\"section\" data-colibri-id=\"6489-c37\" id=\"content-3\" class=\"h-section h-section-global-spacing d-flex align-items-lg-center align-items-md-center align-items-center style-5843 style-local-6489-c37 position-relative\">\n    <!---->\n    <!---->\n    <div class=\"h-section-grid-container h-section-boxed-container\">\n      <!---->\n      <div data-colibri-id=\"6489-c38\" class=\"h-row-container gutters-row-lg-2 gutters-row-md-2 gutters-row-2 gutters-row-v-lg-2 gutters-row-v-md-2 gutters-row-v-2 style-5844 style-local-6489-c38 position-relative\">\n        <!---->\n        <div class=\"h-row justify-content-lg-center justify-content-md-center justify-content-center align-items-lg-stretch align-items-md-stretch align-items-stretch gutters-col-lg-2 gutters-col-md-2 gutters-col-2 gutters-col-v-lg-2 gutters-col-v-md-2 gutters-col-v-2\">\n          <!---->\n          <div class=\"h-column h-column-container d-flex h-col-lg-auto h-col-md-auto h-col-auto style-5845-outer style-local-6489-c39-outer\">\n            <div data-colibri-id=\"6489-c39\" class=\"d-flex h-flex-basis h-column__inner h-px-lg-0 h-px-md-0 h-px-2 v-inner-lg-0 v-inner-md-0 v-inner-2 style-5845 style-local-6489-c39 position-relative\">\n              <!---->\n              <!---->\n              <div class=\"w-100 h-y-container h-column__content h-column__v-align flex-basis-100 align-self-lg-center align-self-md-center align-self-center\">\n                <!---->\n                <div data-colibri-id=\"6489-c40\" class=\"h-global-transition-all h-heading style-5846 style-local-6489-c40 position-relative h-element\">\n                  <!---->\n                  <div class=\"h-heading__outer style-5846 style-local-6489-c40\">\n                    <!---->\n                    <!---->\n                    <h4 class=\"\">Definition und Arten von Newslettern<\/h4>\n                  <\/div>\n                <\/div>\n              <\/div>\n            <\/div>\n          <\/div>\n          <div class=\"h-column h-column-container d-flex h-col-lg-auto h-col-md-auto h-col-auto style-5847-outer style-local-6489-c41-outer\">\n            <div data-colibri-id=\"6489-c41\" class=\"d-flex h-flex-basis h-column__inner h-px-lg-0 h-px-md-2 h-px-0 v-inner-lg-0 v-inner-md-2 v-inner-0 style-5847 style-local-6489-c41 position-relative\">\n              <!---->\n              <!---->\n              <div class=\"w-100 h-y-container h-column__content h-column__v-align flex-basis-100 align-self-lg-center align-self-md-center align-self-center\">\n                <!---->\n                <div data-colibri-id=\"6489-c42\" class=\"d-block style-5848 style-local-6489-c42 position-relative h-element\">\n                  <!---->\n                  <div class=\"h-image__frame-container-outer\">\n                    <div class=\"h-image__frame-container\">\n                      <!---->\n                      <!---->\n                      <img decoding=\"async\" src=\"https:\/\/digital-verkauf.de\/wp-content\/uploads\/2023\/04\/newsletter-1583720_1280-300x249.png\" class=\"style-5848-image style-local-6489-c42-image\">\n                      <div class=\"h-image__frame h-image__frame_shadow h-hide-sm style-5848-frameImage style-local-6489-c42-frameImage\"><\/div>\n                    <\/div>\n                  <\/div>\n                <\/div>\n              <\/div>\n            <\/div>\n          <\/div>\n        <\/div>\n      <\/div>\n      <div data-colibri-id=\"6489-c43\" class=\"h-row-container gutters-row-lg-2 gutters-row-md-2 gutters-row-0 gutters-row-v-lg-2 gutters-row-v-md-2 gutters-row-v-2 style-5849 style-local-6489-c43 position-relative\">\n        <!---->\n        <div class=\"h-row justify-content-lg-center justify-content-md-center justify-content-center align-items-lg-stretch align-items-md-stretch align-items-stretch gutters-col-lg-2 gutters-col-md-2 gutters-col-0 gutters-col-v-lg-2 gutters-col-v-md-2 gutters-col-v-2\">\n          <!---->\n          <div class=\"h-column h-column-container d-flex h-col-lg-auto h-col-md-auto h-col-auto style-5850-outer style-local-6489-c44-outer\">\n            <div data-colibri-id=\"6489-c44\" class=\"d-flex h-flex-basis h-column__inner h-px-lg-2 h-px-md-2 h-px-2 v-inner-lg-2 v-inner-md-2 v-inner-2 style-5850 style-local-6489-c44 position-relative\">\n              <!---->\n              <!---->\n              <div class=\"w-100 h-y-container h-column__content h-column__v-align flex-basis-100 align-self-lg-start align-self-md-start align-self-start\">\n                <!---->\n                <div data-colibri-id=\"6489-c45\" class=\"h-text h-text-component style-5851 style-local-6489-c45 position-relative h-element\">\n                  <!---->\n                  <!---->\n                  <div class=\"\">\n                    <p><strong>Definition von Newslettern<\/strong><\/p>\n                    <p>Ein Newsletter ist ein regelm\u00e4\u00dfiger Informationsdienst, der \u00fcber E-Mail an Abonnenten versendet wird. Er enth\u00e4lt meist aktuelle Neuigkeiten, Angebote, Veranstaltungshinweise oder andere Informationen zu einem bestimmten Thema oder\n                      Unternehmen. Der Newsletter dient dazu, eine Zielgruppe direkt anzusprechen, Kundenbeziehungen zu pflegen und zu vertiefen sowie das Engagement und die Loyalit\u00e4t der Empf\u00e4nger zu erh\u00f6hen. Newsletters k\u00f6nnen von Unternehmen, Organisationen,\n                      Vereinen oder Einzelpersonen genutzt werden und sind ein wichtiger Bestandteil des Online-Marketing-Mixes<\/p>\n                    <p><strong>Verschiedene Arten von Newslettern (z.B. regelm\u00e4\u00dfige Newsletter, Event-Newsletter, E-Commerce-Newsletter)<\/strong><\/p>\n                    <p>Es gibt verschiedene Arten von Newslettern, die je nach Zielgruppe, Zweck und Inhalt unterschieden werden k\u00f6nnen. Einige Beispiele sind:<\/p>\n                    <ol>\n                      <li><span style=\"font-weight: 600;\">Regelm\u00e4\u00dfige Newsletter: <\/span>Dies sind die am h\u00e4ufigsten versendeten Newsletter, die in einem regelm\u00e4\u00dfigen Intervall an Abonnenten gesendet werden, um diese \u00fcber Neuigkeiten, Angebote oder Produktaktualisierungen\n                        zu informieren.<\/li>\n                      <li><span style=\"font-weight: 600;\">Event-Newsletter<\/span>: Diese Art von Newsletter wird vor allem bei der Ank\u00fcndigung von Events und Veranstaltungen versendet. Sie k\u00f6nnen auch als Reminder und Nachberichterstattung nach dem Event\n                        eingesetzt werden.<\/li>\n                      <li><span style=\"font-weight: 600;\">E-Commerce-Newsletter:<\/span> Diese Art von Newsletter ist besonders bei Online-Shops beliebt und enth\u00e4lt in der Regel Produktinformationen, Sonderangebote, Rabatte und Aktionen.<\/li>\n                      <li><span style=\"font-weight: 600;\">Blog-Newsletter:<\/span> Ein Blog-Newsletter ist eine Art von Newsletter, die sich an Abonnenten richtet, die Interesse an den Inhalten eines Blogs haben. Sie enthalten in der Regel die neuesten Blog-Beitr\u00e4ge\n                        sowie andere relevante Informationen.<\/li>\n                      <li><span style=\"font-weight: 600;\">Personalisierte Newsletter:<\/span> Diese Art von Newsletter enth\u00e4lt auf den Empf\u00e4nger zugeschnittene Inhalte, die auf Basis von Daten wie Interessen, Kaufverhalten oder demografischen Merkmalen erstellt\n                        werden.<\/li>\n                      <li><span style=\"font-weight: 600;\">Automatisierte Newsletter: <\/span>Diese Art von Newsletter wird automatisch ausgel\u00f6st und versendet, wenn bestimmte Ereignisse eintreten, wie beispielsweise der Geburtstag des Abonnenten oder der Abschluss\n                        eines Kaufs.<\/li>\n                    <\/ol>\n                    <p>Diese Liste ist nicht abschlie\u00dfend und es gibt noch weitere Arten von Newslettern, die je nach Zweck und Zielgruppe eingesetzt werden k\u00f6nnen.<\/p>\n                  <\/div>\n                <\/div>\n                <div data-colibri-id=\"6489-c46\" class=\"h-x-container style-5852 style-local-6489-c46 position-relative h-element\">\n                  <!---->\n                  <div class=\"h-x-container-inner style-dynamic-6489-c46-group style-5852-spacing style-local-6489-c46-spacing\"><span class=\"h-button__outer style-5853-outer style-local-6489-c47-outer d-inline-flex h-element\"><a h-use-smooth-scroll=\"true\" href=\"https:\/\/digital-verkauf.de\/?page_id=2772\"  data-colibri-id=\"6489-c47\" class=\"d-flex w-100 align-items-center h-button justify-content-lg-center justify-content-md-center justify-content-center style-5853 style-local-6489-c47 position-relative\"><!----><!----> <span>Ja, ich m\u00f6chte gerne unverbindliche Vorschl\u00e4ge zum Thema Newsletter<\/span><\/a>\n                    <\/span>\n                  <\/div>\n                <\/div>\n              <\/div>\n            <\/div>\n          <\/div>\n        <\/div>\n      <\/div>\n      <div data-colibri-id=\"6489-c48\" class=\"h-row-container gutters-row-lg-2 gutters-row-md-2 gutters-row-0 gutters-row-v-lg-2 gutters-row-v-md-2 gutters-row-v-2 style-5923 style-local-6489-c48 position-relative\">\n        <!---->\n        <div class=\"h-row justify-content-lg-center justify-content-md-center justify-content-center align-items-lg-stretch align-items-md-stretch align-items-stretch gutters-col-lg-2 gutters-col-md-2 gutters-col-0 gutters-col-v-lg-2 gutters-col-v-md-2 gutters-col-v-2\">\n          <!---->\n          <div class=\"h-column h-column-container d-flex h-col-lg-auto h-col-md-auto h-col-auto style-5924-outer style-local-6489-c49-outer\">\n            <div data-colibri-id=\"6489-c49\" class=\"d-flex h-flex-basis h-column__inner h-ui-empty-state-container h-px-lg-2 h-px-md-2 h-px-2 v-inner-lg-2 v-inner-md-2 v-inner-2 style-5924 style-local-6489-c49 position-relative\">\n              <!---->\n              <!---->\n              <div class=\"w-100 h-y-container h-column__content h-column__v-align flex-basis-100\">\n                <!---->\n              <\/div>\n            <\/div>\n          <\/div>\n          <div class=\"h-column h-column-container d-flex h-col-lg-auto h-col-md-auto h-col-auto style-5925-outer style-local-6489-c50-outer\">\n            <div data-colibri-id=\"6489-c50\" class=\"d-flex h-flex-basis h-column__inner h-px-lg-2 h-px-md-2 h-px-2 v-inner-lg-2 v-inner-md-2 v-inner-2 style-5925 style-local-6489-c50 position-relative\">\n              <!---->\n              <!---->\n              <div class=\"w-100 h-y-container h-column__content h-column__v-align flex-basis-100 align-self-lg-start align-self-md-start align-self-start\">\n                <!---->\n                <div data-colibri-id=\"6489-c51\" class=\"h-x-container style-5928 style-local-6489-c51 position-relative h-element\">\n                  <!---->\n                  <div class=\"h-x-container-inner style-dynamic-6489-c51-group style-5928-spacing style-local-6489-c51-spacing\"><span class=\"h-button__outer style-5212-outer style-local-6489-c52-outer d-inline-flex h-element\"><a h-use-smooth-scroll=\"true\" href=\"https:\/\/digital-verkauf.de\/?page_id=6524\"  data-colibri-id=\"6489-c52\" class=\"d-flex w-100 align-items-center h-button justify-content-lg-center justify-content-md-center justify-content-center style-5212 style-local-6489-c52 position-relative\"><!----><!----> <span>Weiter zu Teil 2<\/span><\/a>\n                    <\/span>\n                  <\/div>\n                <\/div>\n              <\/div>\n            <\/div>\n          <\/div>\n        <\/div>\n      <\/div>\n    <\/div>\n  <\/div>\n<\/div>","protected":false},"excerpt":{"rendered":"<p>Serie Kunden gewinnen, betreuen und Ums\u00e4tze steigern mit einem Newsletter -Teil 1 11.April 2023 11.04.2023: Teil 1 Bedeutung von Newslettern f\u00fcr Unternehmen \/\/ Definitionen und Arten von Newslettern 13.04.2023: Teil 2 Vorteile eines Newsletters f\u00fcr Unternehmen (Direkt zum 2.Teil) 15.04.2023: Teil 3 Aufbau eines Newsletters ( Direkt zum 3.Teil) 17.04.2023: Teil 4 Inhalte eines Newsletters [&hellip;]<\/p>\n","protected":false},"author":1,"featured_media":0,"parent":34,"menu_order":3,"comment_status":"closed","ping_status":"closed","template":"page-templates\/homepage.php","meta":{"footnotes":""},"class_list":["post-6489","page","type-page","status-publish","hentry"],"_links":{"self":[{"href":"https:\/\/digital-verkauf.de\/index.php?rest_route=\/wp\/v2\/pages\/6489","targetHints":{"allow":["GET"]}}],"collection":[{"href":"https:\/\/digital-verkauf.de\/index.php?rest_route=\/wp\/v2\/pages"}],"about":[{"href":"https:\/\/digital-verkauf.de\/index.php?rest_route=\/wp\/v2\/types\/page"}],"author":[{"embeddable":true,"href":"https:\/\/digital-verkauf.de\/index.php?rest_route=\/wp\/v2\/users\/1"}],"replies":[{"embeddable":true,"href":"https:\/\/digital-verkauf.de\/index.php?rest_route=%2Fwp%2Fv2%2Fcomments&post=6489"}],"version-history":[{"count":15,"href":"https:\/\/digital-verkauf.de\/index.php?rest_route=\/wp\/v2\/pages\/6489\/revisions"}],"predecessor-version":[{"id":8585,"href":"https:\/\/digital-verkauf.de\/index.php?rest_route=\/wp\/v2\/pages\/6489\/revisions\/8585"}],"up":[{"embeddable":true,"href":"https:\/\/digital-verkauf.de\/index.php?rest_route=\/wp\/v2\/pages\/34"}],"wp:attachment":[{"href":"https:\/\/digital-verkauf.de\/index.php?rest_route=%2Fwp%2Fv2%2Fmedia&parent=6489"}],"curies":[{"name":"wp","href":"https:\/\/api.w.org\/{rel}","templated":true}]}}